{"id":4007,"date":"2015-02-17T19:37:33","date_gmt":"2015-02-17T18:37:33","guid":{"rendered":"https:\/\/www.au-primerose-hotel.fr\/?page_id=4007"},"modified":"2015-02-17T19:37:33","modified_gmt":"2015-02-17T18:37:33","slug":"our-hotel","status":"publish","type":"page","link":"https:\/\/www.au-primerose-hotel.fr\/en\/our-hotel\/","title":{"rendered":"Our hotel"},"content":{"rendered":"<h1>Our Hotel<\/h1>\n<div class=\"clear\"><\/div>\n<p>[one_fourth]<br \/>\n[message type=&#8221;custom&#8221; width=&#8221;100%&#8221; start_color=&#8221;#FFFFFF&#8221; end_color=&#8221;#FFFFFF&#8221; border=&#8221;#E7408E&#8221; color=&#8221;#333333&#8243;]<br \/>\n<a href=\"https:\/\/www.au-primerose-hotel.fr\/en\/rates-offers\/rates\/\"><img fetchpriority=\"high\" decoding=\"async\" src=\"https:\/\/www.au-primerose-hotel.fr\/wp-content\/uploads\/2018\/12\/tarifs.png\" alt=\"rates\" width=\"241\" height=\"225\" class=\"aligncenter size-full wp-image-5199\" \/><\/a><\/p>\n<p style=\"text-align:center; font-size: 20px; font-family: 'Roboto Slab'; line-height: 1.2;\"><a href=\"https:\/\/www.au-primerose-hotel.fr\/en\/rates-offers\/rates\/\">Rates ><\/a><\/p>\n<p>[\/message]<br \/>\n[\/one_fourth]<\/p>\n<p>[one_fourth]<br \/>\n[message type=&#8221;custom&#8221; width=&#8221;100%&#8221; start_color=&#8221;#FFFFFF&#8221; end_color=&#8221;#FFFFFF&#8221; border=&#8221;#E7408E&#8221; color=&#8221;#333333&#8243;]<br \/>\n<a href=\"https:\/\/www.au-primerose-hotel.fr\/en\/our-hotel\/photo-and-video\/\"><img decoding=\"async\" src=\"https:\/\/www.au-primerose-hotel.fr\/wp-content\/uploads\/2014\/12\/photos-videos-1.jpg\" alt=\"pictures &#038; videos\" width=\"241\" height=\"225\" class=\"aligncenter size-full wp-image-5200\" \/><\/a><\/p>\n<p style=\"text-align:center; font-size: 20px; font-family: 'Roboto Slab'; line-height: 1.2;\"><a href=\"https:\/\/www.au-primerose-hotel.fr\/en\/our-hotel\/photo-and-video\/\">Pictures &#038; videos ><\/a><\/p>\n<p>[\/message]<br \/>\n[\/one_fourth]<\/p>\n<p>[one_fourth]<br \/>\n[message type=&#8221;custom&#8221; width=&#8221;100%&#8221; start_color=&#8221;#FFFFFF&#8221; end_color=&#8221;#FFFFFF&#8221; border=&#8221;#E7408E&#8221; color=&#8221;#333333&#8243;]<br \/>\n<a href=\"https:\/\/www.au-primerose-hotel.fr\/en\/our-hotel\/map-and-access\/\"><img decoding=\"async\" src=\"https:\/\/www.au-primerose-hotel.fr\/wp-content\/uploads\/2014\/12\/acces-1.jpg\" alt=\"Map &#038; access\" width=\"241\" height=\"225\" class=\"aligncenter size-full wp-image-5199\" \/><\/a><\/p>\n<p style=\"text-align:center; font-size: 20px; font-family: 'Roboto Slab'; line-height: 1.2;\"><a href=\"https:\/\/www.au-primerose-hotel.fr\/en\/our-hotel\/map-and-access\/\">Map &#038; access ><\/a><\/p>\n<p>[\/message]<br \/>\n[\/one_fourth]<\/p>\n<p>[one_fourth_last]<br \/>\n[message type=&#8221;custom&#8221; width=&#8221;100%&#8221; start_color=&#8221;#FFFFFF&#8221; end_color=&#8221;#FFFFFF&#8221; border=&#8221;#E7408E&#8221; color=&#8221;#333333&#8243;]<br \/>\n<a href=\"https:\/\/www.au-primerose-hotel.fr\/en\/our-hotel\/services\/\"><img loading=\"lazy\" decoding=\"async\" class=\"aligncenter size-full wp-image-5201\" src=\"https:\/\/www.au-primerose-hotel.fr\/wp-content\/uploads\/2014\/12\/services-1.jpg\" alt=\"services\" width=\"241\" height=\"225\" \/><\/a><\/p>\n<p style=\"text-align: center; font-size: 20px; font-family: 'Roboto Slab'; line-height: 1.1;\"><a href=\"https:\/\/www.au-primerose-hotel.fr\/en\/our-hotel\/services\/\">Services &gt;<\/a><\/p>\n<p>[\/message]<\/p>\n<p>[\/one_fourth_last]<\/p>\n<div class=\"clear\"><\/div>\n<p>[message type=&#8221;custom&#8221; width=&#8221;100%&#8221; start_color=&#8221;#FFFFFF&#8221; end_color=&#8221;#FFFFFF&#8221; border=&#8221;#E7408E&#8221; color=&#8221;#333333&#8243;]<\/p>\n<p style=\"text-align:center; font-size: 20px; font-family: 'Roboto Slab'; line-height: 1.2;\"><a href=\"https:\/\/www.au-primerose-hotel.fr\/en\/our-hotel\/guestbook\/\">GuestBook ><\/a><\/p>\n<p>[\/message]<\/p>\n","protected":false},"excerpt":{"rendered":"<p>Our Hotel [one_fourth] [message type=&#8221;custom&#8221; width=&#8221;100%&#8221; start_color=&#8221;#FFFFFF&#8221; end_color=&#8221;#FFFFFF&#8221; border=&#8221;#E7408E&#8221; color=&#8221;#333333&#8243;] Rates > [\/message] [\/one_fourth] [one_fourth] [message type=&#8221;custom&#8221; width=&#8221;100%&#8221; start_color=&#8221;#FFFFFF&#8221; end_color=&#8221;#FFFFFF&#8221; border=&#8221;#E7408E&#8221; color=&#8221;#333333&#8243;] Pictures &#038; videos > [\/message] [\/one_fourth] [one_fourth] [message type=&#8221;custom&#8221; width=&#8221;100%&#8221; start_color=&#8221;#FFFFFF&#8221; end_color=&#8221;#FFFFFF&#8221; border=&#8221;#E7408E&#8221; color=&#8221;#333333&#8243;] Map &#038; access > [\/message] [\/one_fourth] [one_fourth_last] [message type=&#8221;custom&#8221; width=&#8221;100%&#8221; start_color=&#8221;#FFFFFF&#8221; end_color=&#8221;#FFFFFF&#8221; border=&#8221;#E7408E&#8221; color=&#8221;#333333&#8243;] Services &gt; [\/message] [\/one_fourth_last] [message [&hellip;]<\/p>\n","protected":false},"author":1,"featured_media":0,"parent":0,"menu_order":0,"comment_status":"closed","ping_status":"closed","template":"page-FullWidth.php","meta":{"footnotes":""},"class_list":["post-4007","page","type-page","status-publish","hentry"],"yoast_head":"<!-- This site is optimized with the Yoast SEO plugin v27.5 - https:\/\/yoast.com\/product\/yoast-seo-wordpress\/ -->\n<title>Our hotel in France - Hautes-Pyr\u00e9n\u00e9es for cycling and tourism<\/title>\n<meta name=\"description\" content=\"Discover our hotel in Argel\u00e8s-Gazost - Hautes-Pyr\u00e9n\u00e9es : Pictures and videos, map and access, services. Ideal place for cycling\" \/>\n<meta name=\"robots\" content=\"index, follow, max-snippet:-1, max-image-preview:large, max-video-preview:-1\" \/>\n<link rel=\"canonical\" href=\"https:\/\/www.au-primerose-hotel.fr\/en\/our-hotel\/\" \/>\n<meta property=\"og:locale\" content=\"en_US\" \/>\n<meta property=\"og:type\" content=\"article\" \/>\n<meta property=\"og:title\" content=\"Our hotel in France - Hautes-Pyr\u00e9n\u00e9es for cycling and tourism\" \/>\n<meta property=\"og:description\" content=\"Discover our hotel in Argel\u00e8s-Gazost - Hautes-Pyr\u00e9n\u00e9es : Pictures and videos, map and access, services. Ideal place for cycling\" \/>\n<meta property=\"og:url\" content=\"https:\/\/www.au-primerose-hotel.fr\/en\/our-hotel\/\" \/>\n<meta property=\"og:site_name\" content=\"Au primerose H\u00f4tel\" \/>\n<meta property=\"og:image\" content=\"https:\/\/www.au-primerose-hotel.fr\/wp-content\/uploads\/2018\/12\/tarifs.png\" \/>\n<meta name=\"twitter:card\" content=\"summary_large_image\" \/>\n<meta name=\"twitter:label1\" content=\"Est. reading time\" \/>\n\t<meta name=\"twitter:data1\" content=\"1 minute\" \/>\n<script type=\"application\/ld+json\" class=\"yoast-schema-graph\">{\"@context\":\"https:\\\/\\\/schema.org\",\"@graph\":[{\"@type\":\"WebPage\",\"@id\":\"https:\\\/\\\/www.au-primerose-hotel.fr\\\/en\\\/our-hotel\\\/\",\"url\":\"https:\\\/\\\/www.au-primerose-hotel.fr\\\/en\\\/our-hotel\\\/\",\"name\":\"Our hotel in France - Hautes-Pyr\u00e9n\u00e9es for cycling and tourism\",\"isPartOf\":{\"@id\":\"https:\\\/\\\/www.au-primerose-hotel.fr\\\/#website\"},\"primaryImageOfPage\":{\"@id\":\"https:\\\/\\\/www.au-primerose-hotel.fr\\\/en\\\/our-hotel\\\/#primaryimage\"},\"image\":{\"@id\":\"https:\\\/\\\/www.au-primerose-hotel.fr\\\/en\\\/our-hotel\\\/#primaryimage\"},\"thumbnailUrl\":\"https:\\\/\\\/www.au-primerose-hotel.fr\\\/wp-content\\\/uploads\\\/2018\\\/12\\\/tarifs.png\",\"datePublished\":\"2015-02-17T18:37:33+00:00\",\"description\":\"Discover our hotel in Argel\u00e8s-Gazost - Hautes-Pyr\u00e9n\u00e9es : Pictures and videos, map and access, services. Ideal place for cycling\",\"breadcrumb\":{\"@id\":\"https:\\\/\\\/www.au-primerose-hotel.fr\\\/en\\\/our-hotel\\\/#breadcrumb\"},\"inLanguage\":\"en-US\",\"potentialAction\":[{\"@type\":\"ReadAction\",\"target\":[\"https:\\\/\\\/www.au-primerose-hotel.fr\\\/en\\\/our-hotel\\\/\"]}]},{\"@type\":\"ImageObject\",\"inLanguage\":\"en-US\",\"@id\":\"https:\\\/\\\/www.au-primerose-hotel.fr\\\/en\\\/our-hotel\\\/#primaryimage\",\"url\":\"https:\\\/\\\/www.au-primerose-hotel.fr\\\/wp-content\\\/uploads\\\/2018\\\/12\\\/tarifs.png\",\"contentUrl\":\"https:\\\/\\\/www.au-primerose-hotel.fr\\\/wp-content\\\/uploads\\\/2018\\\/12\\\/tarifs.png\"},{\"@type\":\"BreadcrumbList\",\"@id\":\"https:\\\/\\\/www.au-primerose-hotel.fr\\\/en\\\/our-hotel\\\/#breadcrumb\",\"itemListElement\":[{\"@type\":\"ListItem\",\"position\":1,\"name\":\"Accueil\",\"item\":\"https:\\\/\\\/www.au-primerose-hotel.fr\\\/\"},{\"@type\":\"ListItem\",\"position\":2,\"name\":\"Our hotel\"}]},{\"@type\":\"WebSite\",\"@id\":\"https:\\\/\\\/www.au-primerose-hotel.fr\\\/#website\",\"url\":\"https:\\\/\\\/www.au-primerose-hotel.fr\\\/\",\"name\":\"Au primerose H\u00f4tel\",\"description\":\"\",\"publisher\":{\"@id\":\"https:\\\/\\\/www.au-primerose-hotel.fr\\\/#organization\"},\"potentialAction\":[{\"@type\":\"SearchAction\",\"target\":{\"@type\":\"EntryPoint\",\"urlTemplate\":\"https:\\\/\\\/www.au-primerose-hotel.fr\\\/?s={search_term_string}\"},\"query-input\":{\"@type\":\"PropertyValueSpecification\",\"valueRequired\":true,\"valueName\":\"search_term_string\"}}],\"inLanguage\":\"en-US\"},{\"@type\":\"Organization\",\"@id\":\"https:\\\/\\\/www.au-primerose-hotel.fr\\\/#organization\",\"name\":\"Au primerose H\u00f4tel\",\"url\":\"https:\\\/\\\/www.au-primerose-hotel.fr\\\/\",\"logo\":{\"@type\":\"ImageObject\",\"inLanguage\":\"en-US\",\"@id\":\"https:\\\/\\\/www.au-primerose-hotel.fr\\\/#\\\/schema\\\/logo\\\/image\\\/\",\"url\":\"https:\\\/\\\/www.au-primerose-hotel.fr\\\/wp-content\\\/uploads\\\/2024\\\/02\\\/logo_primerose.svg\",\"contentUrl\":\"https:\\\/\\\/www.au-primerose-hotel.fr\\\/wp-content\\\/uploads\\\/2024\\\/02\\\/logo_primerose.svg\",\"caption\":\"Au primerose H\u00f4tel\"},\"image\":{\"@id\":\"https:\\\/\\\/www.au-primerose-hotel.fr\\\/#\\\/schema\\\/logo\\\/image\\\/\"}}]}<\/script>\n<!-- \/ Yoast SEO plugin. -->","yoast_head_json":{"title":"Our hotel in France - Hautes-Pyr\u00e9n\u00e9es for cycling and tourism","description":"Discover our hotel in Argel\u00e8s-Gazost - Hautes-Pyr\u00e9n\u00e9es : Pictures and videos, map and access, services. Ideal place for cycling","robots":{"index":"index","follow":"follow","max-snippet":"max-snippet:-1","max-image-preview":"max-image-preview:large","max-video-preview":"max-video-preview:-1"},"canonical":"https:\/\/www.au-primerose-hotel.fr\/en\/our-hotel\/","og_locale":"en_US","og_type":"article","og_title":"Our hotel in France - Hautes-Pyr\u00e9n\u00e9es for cycling and tourism","og_description":"Discover our hotel in Argel\u00e8s-Gazost - Hautes-Pyr\u00e9n\u00e9es : Pictures and videos, map and access, services. Ideal place for cycling","og_url":"https:\/\/www.au-primerose-hotel.fr\/en\/our-hotel\/","og_site_name":"Au primerose H\u00f4tel","og_image":[{"url":"https:\/\/www.au-primerose-hotel.fr\/wp-content\/uploads\/2018\/12\/tarifs.png","type":"","width":"","height":""}],"twitter_card":"summary_large_image","twitter_misc":{"Est. reading time":"1 minute"},"schema":{"@context":"https:\/\/schema.org","@graph":[{"@type":"WebPage","@id":"https:\/\/www.au-primerose-hotel.fr\/en\/our-hotel\/","url":"https:\/\/www.au-primerose-hotel.fr\/en\/our-hotel\/","name":"Our hotel in France - Hautes-Pyr\u00e9n\u00e9es for cycling and tourism","isPartOf":{"@id":"https:\/\/www.au-primerose-hotel.fr\/#website"},"primaryImageOfPage":{"@id":"https:\/\/www.au-primerose-hotel.fr\/en\/our-hotel\/#primaryimage"},"image":{"@id":"https:\/\/www.au-primerose-hotel.fr\/en\/our-hotel\/#primaryimage"},"thumbnailUrl":"https:\/\/www.au-primerose-hotel.fr\/wp-content\/uploads\/2018\/12\/tarifs.png","datePublished":"2015-02-17T18:37:33+00:00","description":"Discover our hotel in Argel\u00e8s-Gazost - Hautes-Pyr\u00e9n\u00e9es : Pictures and videos, map and access, services. Ideal place for cycling","breadcrumb":{"@id":"https:\/\/www.au-primerose-hotel.fr\/en\/our-hotel\/#breadcrumb"},"inLanguage":"en-US","potentialAction":[{"@type":"ReadAction","target":["https:\/\/www.au-primerose-hotel.fr\/en\/our-hotel\/"]}]},{"@type":"ImageObject","inLanguage":"en-US","@id":"https:\/\/www.au-primerose-hotel.fr\/en\/our-hotel\/#primaryimage","url":"https:\/\/www.au-primerose-hotel.fr\/wp-content\/uploads\/2018\/12\/tarifs.png","contentUrl":"https:\/\/www.au-primerose-hotel.fr\/wp-content\/uploads\/2018\/12\/tarifs.png"},{"@type":"BreadcrumbList","@id":"https:\/\/www.au-primerose-hotel.fr\/en\/our-hotel\/#breadcrumb","itemListElement":[{"@type":"ListItem","position":1,"name":"Accueil","item":"https:\/\/www.au-primerose-hotel.fr\/"},{"@type":"ListItem","position":2,"name":"Our hotel"}]},{"@type":"WebSite","@id":"https:\/\/www.au-primerose-hotel.fr\/#website","url":"https:\/\/www.au-primerose-hotel.fr\/","name":"Au primerose H\u00f4tel","description":"","publisher":{"@id":"https:\/\/www.au-primerose-hotel.fr\/#organization"},"potentialAction":[{"@type":"SearchAction","target":{"@type":"EntryPoint","urlTemplate":"https:\/\/www.au-primerose-hotel.fr\/?s={search_term_string}"},"query-input":{"@type":"PropertyValueSpecification","valueRequired":true,"valueName":"search_term_string"}}],"inLanguage":"en-US"},{"@type":"Organization","@id":"https:\/\/www.au-primerose-hotel.fr\/#organization","name":"Au primerose H\u00f4tel","url":"https:\/\/www.au-primerose-hotel.fr\/","logo":{"@type":"ImageObject","inLanguage":"en-US","@id":"https:\/\/www.au-primerose-hotel.fr\/#\/schema\/logo\/image\/","url":"https:\/\/www.au-primerose-hotel.fr\/wp-content\/uploads\/2024\/02\/logo_primerose.svg","contentUrl":"https:\/\/www.au-primerose-hotel.fr\/wp-content\/uploads\/2024\/02\/logo_primerose.svg","caption":"Au primerose H\u00f4tel"},"image":{"@id":"https:\/\/www.au-primerose-hotel.fr\/#\/schema\/logo\/image\/"}}]}},"_links":{"self":[{"href":"https:\/\/www.au-primerose-hotel.fr\/en\/wp-json\/wp\/v2\/pages\/4007","targetHints":{"allow":["GET"]}}],"collection":[{"href":"https:\/\/www.au-primerose-hotel.fr\/en\/wp-json\/wp\/v2\/pages"}],"about":[{"href":"https:\/\/www.au-primerose-hotel.fr\/en\/wp-json\/wp\/v2\/types\/page"}],"author":[{"embeddable":true,"href":"https:\/\/www.au-primerose-hotel.fr\/en\/wp-json\/wp\/v2\/users\/1"}],"replies":[{"embeddable":true,"href":"https:\/\/www.au-primerose-hotel.fr\/en\/wp-json\/wp\/v2\/comments?post=4007"}],"version-history":[{"count":0,"href":"https:\/\/www.au-primerose-hotel.fr\/en\/wp-json\/wp\/v2\/pages\/4007\/revisions"}],"wp:attachment":[{"href":"https:\/\/www.au-primerose-hotel.fr\/en\/wp-json\/wp\/v2\/media?parent=4007"}],"curies":[{"name":"wp","href":"https:\/\/api.w.org\/{rel}","templated":true}]}}