{"id":5705,"date":"2015-02-09T12:15:19","date_gmt":"2015-02-09T11:15:19","guid":{"rendered":"https:\/\/www.au-primerose-hotel.fr\/en\/aux-alentours\/cote-rando\/le-pays-toy\/"},"modified":"2024-02-19T11:11:37","modified_gmt":"2024-02-19T10:11:37","slug":"pays-toy","status":"publish","type":"page","link":"https:\/\/www.au-primerose-hotel.fr\/en\/activities\/hiking-pyrenees\/pays-toy\/","title":{"rendered":"The Pays Toy"},"content":{"rendered":"<h1>The Pays Toy<\/h1>\n<p><strong>BAR\u00c8GES \u2013 G\u00c8DRE \u2013 GAVARNIE \u2013 LUZ SAINT SAUVEUR<\/strong><br \/>\n[one_half]<br \/>\nThe \u00ab Pays Toy \u00bb, area situated around Luz Saint Sauveur, Bar\u00e8ges, G\u00e8dre and Gavarnie, is accessible either from Argel\u00e8s Gazost by the Luz Gorges or from Bagn\u00e8res de Bigorre by the Tourmalet Pass.<br \/>\nWith its 17 villages, its mountainous farming pastures and a belt of peaks above 3000m, the Pays Toy offers wonderful walking territories.<br \/>\nRamblers and hikers guide books concerning the \u201cPays Toy\u201d available at the hotel for consultation (in French only).<br \/>\n[\/one_half]<\/p>\n<p>[one_half_last]<br \/>\n<img fetchpriority=\"high\" decoding=\"async\" class=\"aligncenter size-full wp-image-3642\" src=\"https:\/\/www.au-primerose-hotel.fr\/wp-content\/uploads\/2015\/02\/Rando4-1.jpg\" alt=\"Rando4\" width=\"405\" height=\"250\" \/><br \/>\n[\/one_half_last]<\/p>\n<p style=\"text-align: center;\"><a href=\"https:\/\/www.au-primerose-hotel.fr\/en\/activities\/hiking-pyrenees\/pyrenean-national-park\/\">The Pyrenean National Park<\/a> | <a href=\"https:\/\/www.au-primerose-hotel.fr\/en\/activities\/hiking-pyrenees\/la-vallee-des-gaves\/\">The Gaves Valley<\/a> | <a href=\"https:\/\/www.au-primerose-hotel.fr\/en\/activities\/hiking-pyrenees\/le-pays-toy\/\">The Pays Toy<\/a> | <a href=\"https:\/\/www.au-primerose-hotel.fr\/en\/activities\/hiking-pyrenees\/hiking-pyrenees\/val-dazun\/\">The Val d\u2019Azun<\/a><\/p>\n","protected":false},"excerpt":{"rendered":"<p>The Pays Toy BAR\u00c8GES \u2013 G\u00c8DRE \u2013 GAVARNIE \u2013 LUZ SAINT SAUVEUR [one_half] The \u00ab Pays Toy \u00bb, area situated around Luz Saint Sauveur, Bar\u00e8ges, G\u00e8dre and Gavarnie, is accessible either from Argel\u00e8s Gazost by the Luz Gorges or from Bagn\u00e8res de Bigorre by the Tourmalet Pass. With its 17 villages, its mountainous farming pastures [&hellip;]<\/p>\n","protected":false},"author":1,"featured_media":0,"parent":6505,"menu_order":0,"comment_status":"open","ping_status":"open","template":"","meta":{"footnotes":""},"class_list":["post-5705","page","type-page","status-publish","hentry"],"yoast_head":"<!-- This site is optimized with the Yoast SEO plugin v27.5 - https:\/\/yoast.com\/product\/yoast-seo-wordpress\/ -->\n<title>The Pays Toy - Au primerose H\u00f4tel<\/title>\n<meta name=\"robots\" content=\"index, follow, max-snippet:-1, max-image-preview:large, max-video-preview:-1\" \/>\n<link rel=\"canonical\" href=\"https:\/\/www.au-primerose-hotel.fr\/en\/activities\/hiking-pyrenees\/pays-toy\/\" \/>\n<meta property=\"og:locale\" content=\"en_US\" \/>\n<meta property=\"og:type\" content=\"article\" \/>\n<meta property=\"og:title\" content=\"The Pays Toy - Au primerose H\u00f4tel\" \/>\n<meta property=\"og:description\" content=\"The Pays Toy BAR\u00c8GES \u2013 G\u00c8DRE \u2013 GAVARNIE \u2013 LUZ SAINT SAUVEUR [one_half] The \u00ab Pays Toy \u00bb, area situated around Luz Saint Sauveur, Bar\u00e8ges, G\u00e8dre and Gavarnie, is accessible either from Argel\u00e8s Gazost by the Luz Gorges or from Bagn\u00e8res de Bigorre by the Tourmalet Pass. With its 17 villages, its mountainous farming pastures [&hellip;]\" \/>\n<meta property=\"og:url\" content=\"https:\/\/www.au-primerose-hotel.fr\/en\/activities\/hiking-pyrenees\/pays-toy\/\" \/>\n<meta property=\"og:site_name\" content=\"Au primerose H\u00f4tel\" \/>\n<meta property=\"article:modified_time\" content=\"2024-02-19T10:11:37+00:00\" \/>\n<meta property=\"og:image\" content=\"https:\/\/www.au-primerose-hotel.fr\/wp-content\/uploads\/2015\/02\/Rando4-1.jpg\" \/>\n<meta name=\"twitter:card\" content=\"summary_large_image\" \/>\n<meta name=\"twitter:label1\" content=\"Est. reading time\" \/>\n\t<meta name=\"twitter:data1\" content=\"1 minute\" \/>\n<script type=\"application\/ld+json\" class=\"yoast-schema-graph\">{\"@context\":\"https:\\\/\\\/schema.org\",\"@graph\":[{\"@type\":\"WebPage\",\"@id\":\"https:\\\/\\\/www.au-primerose-hotel.fr\\\/en\\\/activities\\\/hiking-pyrenees\\\/pays-toy\\\/\",\"url\":\"https:\\\/\\\/www.au-primerose-hotel.fr\\\/en\\\/activities\\\/hiking-pyrenees\\\/pays-toy\\\/\",\"name\":\"The Pays Toy - Au primerose H\u00f4tel\",\"isPartOf\":{\"@id\":\"https:\\\/\\\/www.au-primerose-hotel.fr\\\/#website\"},\"primaryImageOfPage\":{\"@id\":\"https:\\\/\\\/www.au-primerose-hotel.fr\\\/en\\\/activities\\\/hiking-pyrenees\\\/pays-toy\\\/#primaryimage\"},\"image\":{\"@id\":\"https:\\\/\\\/www.au-primerose-hotel.fr\\\/en\\\/activities\\\/hiking-pyrenees\\\/pays-toy\\\/#primaryimage\"},\"thumbnailUrl\":\"https:\\\/\\\/www.au-primerose-hotel.fr\\\/wp-content\\\/uploads\\\/2015\\\/02\\\/Rando4-1.jpg\",\"datePublished\":\"2015-02-09T11:15:19+00:00\",\"dateModified\":\"2024-02-19T10:11:37+00:00\",\"breadcrumb\":{\"@id\":\"https:\\\/\\\/www.au-primerose-hotel.fr\\\/en\\\/activities\\\/hiking-pyrenees\\\/pays-toy\\\/#breadcrumb\"},\"inLanguage\":\"en-US\",\"potentialAction\":[{\"@type\":\"ReadAction\",\"target\":[\"https:\\\/\\\/www.au-primerose-hotel.fr\\\/en\\\/activities\\\/hiking-pyrenees\\\/pays-toy\\\/\"]}]},{\"@type\":\"ImageObject\",\"inLanguage\":\"en-US\",\"@id\":\"https:\\\/\\\/www.au-primerose-hotel.fr\\\/en\\\/activities\\\/hiking-pyrenees\\\/pays-toy\\\/#primaryimage\",\"url\":\"https:\\\/\\\/www.au-primerose-hotel.fr\\\/wp-content\\\/uploads\\\/2015\\\/02\\\/Rando4-1.jpg\",\"contentUrl\":\"https:\\\/\\\/www.au-primerose-hotel.fr\\\/wp-content\\\/uploads\\\/2015\\\/02\\\/Rando4-1.jpg\"},{\"@type\":\"BreadcrumbList\",\"@id\":\"https:\\\/\\\/www.au-primerose-hotel.fr\\\/en\\\/activities\\\/hiking-pyrenees\\\/pays-toy\\\/#breadcrumb\",\"itemListElement\":[{\"@type\":\"ListItem\",\"position\":1,\"name\":\"Accueil\",\"item\":\"https:\\\/\\\/www.au-primerose-hotel.fr\\\/\"},{\"@type\":\"ListItem\",\"position\":2,\"name\":\"Other Activities\",\"item\":\"https:\\\/\\\/www.au-primerose-hotel.fr\\\/en\\\/activities\\\/\"},{\"@type\":\"ListItem\",\"position\":3,\"name\":\"Rambling and Hiking \u2013 The Pyrenees\",\"item\":\"https:\\\/\\\/www.au-primerose-hotel.fr\\\/en\\\/activities\\\/hiking-pyrenees\\\/\"},{\"@type\":\"ListItem\",\"position\":4,\"name\":\"The Pays Toy\"}]},{\"@type\":\"WebSite\",\"@id\":\"https:\\\/\\\/www.au-primerose-hotel.fr\\\/#website\",\"url\":\"https:\\\/\\\/www.au-primerose-hotel.fr\\\/\",\"name\":\"Au primerose H\u00f4tel\",\"description\":\"\",\"publisher\":{\"@id\":\"https:\\\/\\\/www.au-primerose-hotel.fr\\\/#organization\"},\"potentialAction\":[{\"@type\":\"SearchAction\",\"target\":{\"@type\":\"EntryPoint\",\"urlTemplate\":\"https:\\\/\\\/www.au-primerose-hotel.fr\\\/?s={search_term_string}\"},\"query-input\":{\"@type\":\"PropertyValueSpecification\",\"valueRequired\":true,\"valueName\":\"search_term_string\"}}],\"inLanguage\":\"en-US\"},{\"@type\":\"Organization\",\"@id\":\"https:\\\/\\\/www.au-primerose-hotel.fr\\\/#organization\",\"name\":\"Au primerose H\u00f4tel\",\"url\":\"https:\\\/\\\/www.au-primerose-hotel.fr\\\/\",\"logo\":{\"@type\":\"ImageObject\",\"inLanguage\":\"en-US\",\"@id\":\"https:\\\/\\\/www.au-primerose-hotel.fr\\\/#\\\/schema\\\/logo\\\/image\\\/\",\"url\":\"https:\\\/\\\/www.au-primerose-hotel.fr\\\/wp-content\\\/uploads\\\/2024\\\/02\\\/logo_primerose.svg\",\"contentUrl\":\"https:\\\/\\\/www.au-primerose-hotel.fr\\\/wp-content\\\/uploads\\\/2024\\\/02\\\/logo_primerose.svg\",\"caption\":\"Au primerose H\u00f4tel\"},\"image\":{\"@id\":\"https:\\\/\\\/www.au-primerose-hotel.fr\\\/#\\\/schema\\\/logo\\\/image\\\/\"}}]}<\/script>\n<!-- \/ Yoast SEO plugin. -->","yoast_head_json":{"title":"The Pays Toy - Au primerose H\u00f4tel","robots":{"index":"index","follow":"follow","max-snippet":"max-snippet:-1","max-image-preview":"max-image-preview:large","max-video-preview":"max-video-preview:-1"},"canonical":"https:\/\/www.au-primerose-hotel.fr\/en\/activities\/hiking-pyrenees\/pays-toy\/","og_locale":"en_US","og_type":"article","og_title":"The Pays Toy - Au primerose H\u00f4tel","og_description":"The Pays Toy BAR\u00c8GES \u2013 G\u00c8DRE \u2013 GAVARNIE \u2013 LUZ SAINT SAUVEUR [one_half] The \u00ab Pays Toy \u00bb, area situated around Luz Saint Sauveur, Bar\u00e8ges, G\u00e8dre and Gavarnie, is accessible either from Argel\u00e8s Gazost by the Luz Gorges or from Bagn\u00e8res de Bigorre by the Tourmalet Pass. With its 17 villages, its mountainous farming pastures [&hellip;]","og_url":"https:\/\/www.au-primerose-hotel.fr\/en\/activities\/hiking-pyrenees\/pays-toy\/","og_site_name":"Au primerose H\u00f4tel","article_modified_time":"2024-02-19T10:11:37+00:00","og_image":[{"url":"https:\/\/www.au-primerose-hotel.fr\/wp-content\/uploads\/2015\/02\/Rando4-1.jpg","type":"","width":"","height":""}],"twitter_card":"summary_large_image","twitter_misc":{"Est. reading time":"1 minute"},"schema":{"@context":"https:\/\/schema.org","@graph":[{"@type":"WebPage","@id":"https:\/\/www.au-primerose-hotel.fr\/en\/activities\/hiking-pyrenees\/pays-toy\/","url":"https:\/\/www.au-primerose-hotel.fr\/en\/activities\/hiking-pyrenees\/pays-toy\/","name":"The Pays Toy - Au primerose H\u00f4tel","isPartOf":{"@id":"https:\/\/www.au-primerose-hotel.fr\/#website"},"primaryImageOfPage":{"@id":"https:\/\/www.au-primerose-hotel.fr\/en\/activities\/hiking-pyrenees\/pays-toy\/#primaryimage"},"image":{"@id":"https:\/\/www.au-primerose-hotel.fr\/en\/activities\/hiking-pyrenees\/pays-toy\/#primaryimage"},"thumbnailUrl":"https:\/\/www.au-primerose-hotel.fr\/wp-content\/uploads\/2015\/02\/Rando4-1.jpg","datePublished":"2015-02-09T11:15:19+00:00","dateModified":"2024-02-19T10:11:37+00:00","breadcrumb":{"@id":"https:\/\/www.au-primerose-hotel.fr\/en\/activities\/hiking-pyrenees\/pays-toy\/#breadcrumb"},"inLanguage":"en-US","potentialAction":[{"@type":"ReadAction","target":["https:\/\/www.au-primerose-hotel.fr\/en\/activities\/hiking-pyrenees\/pays-toy\/"]}]},{"@type":"ImageObject","inLanguage":"en-US","@id":"https:\/\/www.au-primerose-hotel.fr\/en\/activities\/hiking-pyrenees\/pays-toy\/#primaryimage","url":"https:\/\/www.au-primerose-hotel.fr\/wp-content\/uploads\/2015\/02\/Rando4-1.jpg","contentUrl":"https:\/\/www.au-primerose-hotel.fr\/wp-content\/uploads\/2015\/02\/Rando4-1.jpg"},{"@type":"BreadcrumbList","@id":"https:\/\/www.au-primerose-hotel.fr\/en\/activities\/hiking-pyrenees\/pays-toy\/#breadcrumb","itemListElement":[{"@type":"ListItem","position":1,"name":"Accueil","item":"https:\/\/www.au-primerose-hotel.fr\/"},{"@type":"ListItem","position":2,"name":"Other Activities","item":"https:\/\/www.au-primerose-hotel.fr\/en\/activities\/"},{"@type":"ListItem","position":3,"name":"Rambling and Hiking \u2013 The Pyrenees","item":"https:\/\/www.au-primerose-hotel.fr\/en\/activities\/hiking-pyrenees\/"},{"@type":"ListItem","position":4,"name":"The Pays Toy"}]},{"@type":"WebSite","@id":"https:\/\/www.au-primerose-hotel.fr\/#website","url":"https:\/\/www.au-primerose-hotel.fr\/","name":"Au primerose H\u00f4tel","description":"","publisher":{"@id":"https:\/\/www.au-primerose-hotel.fr\/#organization"},"potentialAction":[{"@type":"SearchAction","target":{"@type":"EntryPoint","urlTemplate":"https:\/\/www.au-primerose-hotel.fr\/?s={search_term_string}"},"query-input":{"@type":"PropertyValueSpecification","valueRequired":true,"valueName":"search_term_string"}}],"inLanguage":"en-US"},{"@type":"Organization","@id":"https:\/\/www.au-primerose-hotel.fr\/#organization","name":"Au primerose H\u00f4tel","url":"https:\/\/www.au-primerose-hotel.fr\/","logo":{"@type":"ImageObject","inLanguage":"en-US","@id":"https:\/\/www.au-primerose-hotel.fr\/#\/schema\/logo\/image\/","url":"https:\/\/www.au-primerose-hotel.fr\/wp-content\/uploads\/2024\/02\/logo_primerose.svg","contentUrl":"https:\/\/www.au-primerose-hotel.fr\/wp-content\/uploads\/2024\/02\/logo_primerose.svg","caption":"Au primerose H\u00f4tel"},"image":{"@id":"https:\/\/www.au-primerose-hotel.fr\/#\/schema\/logo\/image\/"}}]}},"_links":{"self":[{"href":"https:\/\/www.au-primerose-hotel.fr\/en\/wp-json\/wp\/v2\/pages\/5705","targetHints":{"allow":["GET"]}}],"collection":[{"href":"https:\/\/www.au-primerose-hotel.fr\/en\/wp-json\/wp\/v2\/pages"}],"about":[{"href":"https:\/\/www.au-primerose-hotel.fr\/en\/wp-json\/wp\/v2\/types\/page"}],"author":[{"embeddable":true,"href":"https:\/\/www.au-primerose-hotel.fr\/en\/wp-json\/wp\/v2\/users\/1"}],"replies":[{"embeddable":true,"href":"https:\/\/www.au-primerose-hotel.fr\/en\/wp-json\/wp\/v2\/comments?post=5705"}],"version-history":[{"count":1,"href":"https:\/\/www.au-primerose-hotel.fr\/en\/wp-json\/wp\/v2\/pages\/5705\/revisions"}],"predecessor-version":[{"id":12276,"href":"https:\/\/www.au-primerose-hotel.fr\/en\/wp-json\/wp\/v2\/pages\/5705\/revisions\/12276"}],"up":[{"embeddable":true,"href":"https:\/\/www.au-primerose-hotel.fr\/en\/wp-json\/wp\/v2\/pages\/6505"}],"wp:attachment":[{"href":"https:\/\/www.au-primerose-hotel.fr\/en\/wp-json\/wp\/v2\/media?parent=5705"}],"curies":[{"name":"wp","href":"https:\/\/api.w.org\/{rel}","templated":true}]}}