{"id":5732,"date":"2015-02-09T13:26:23","date_gmt":"2015-02-09T12:26:23","guid":{"rendered":"https:\/\/www.au-primerose-hotel.fr\/en\/aux-alentours\/cote-tourisme\/pic-du-midi-de-bigorre\/"},"modified":"2024-02-19T10:52:09","modified_gmt":"2024-02-19T09:52:09","slug":"pic-du-midi-observatory","status":"publish","type":"page","link":"https:\/\/www.au-primerose-hotel.fr\/en\/pic-du-midi-observatory\/","title":{"rendered":"The Pic du Midi Observatory"},"content":{"rendered":"<h1 style=\"text-align: center;\">The Pic du Midi Observatory<\/h1>\n<p><img decoding=\"async\" class=\"aligncenter size-full wp-image-128\" src=\"https:\/\/www.au-primerose-hotel.fr\/wp-content\/uploads\/2015\/04\/primerose-separator-1.png\" alt=\"primerose-separator\" width=\"600\" height=\"6\" \/><\/p>\n<p>[two_third]<br \/>\n\n            \n            \n            \n            <a name='map21'><\/a>\n            \n            \n            \n            \n\n            <div class=\"wpgmza_map \"  id=\"wpgmza_map_21\" style=\"display:block; overflow:auto; width:100%; height:400px; float:left;\" data-settings='{\"id\":\"21\",\"map_title\":\"Pic du Midi de Bigorre\",\"map_width\":\"100\",\"map_height\":\"400\",\"map_start_lat\":\"43.006449\",\"map_start_lng\":\"0.073799\",\"map_start_location\":\"43.00644903936191,0.07379933593755883\",\"map_start_zoom\":\"10\",\"default_marker\":\"0\",\"type\":\"1\",\"alignment\":\"1\",\"directions_enabled\":\"1\",\"styling_enabled\":\"0\",\"styling_json\":\"\",\"active\":\"0\",\"kml\":\"\",\"bicycle\":\"0\",\"traffic\":\"0\",\"dbox\":\"1\",\"dbox_width\":\"500\",\"listmarkers\":\"0\",\"listmarkers_advanced\":\"0\",\"filterbycat\":\"0\",\"ugm_enabled\":\"0\",\"ugm_category_enabled\":\"0\",\"fusion\":\"\",\"map_width_type\":\"\\\\%\",\"map_height_type\":\"px\",\"mass_marker_support\":\"0\",\"ugm_access\":\"0\",\"order_markers_by\":\"1\",\"order_markers_choice\":\"2\",\"show_user_location\":\"2\",\"default_to\":\"\",\"other_settings\":{\"store_locator_enabled\":2,\"wpgmza_store_locator_restrict\":\"\",\"store_locator_distance\":2,\"store_locator_bounce\":1,\"store_locator_hide_before_search\":2,\"store_locator_use_their_location\":2,\"store_locator_name_search\":2,\"store_locator_category\":2,\"store_locator_query_string\":\"Code Postal \\\/ Adresse\",\"store_locator_name_string\":\"Titre \\\/ Description\",\"wpgmza_dbox_width_type\":\"px\",\"map_max_zoom\":\"3\",\"sl_stroke_color\":\"FF0000\",\"sl_stroke_opacity\":\"0.25\",\"sl_fill_color\":\"FF0000\",\"sl_fill_opacity\":\"0.15\",\"click_open_link\":2,\"weather_layer\":2,\"weather_layer_temp_type\":1,\"cloud_layer\":2,\"transport_layer\":0,\"wpgmza_iw_type\":\"\",\"list_markers_by\":\"0\",\"push_in_map\":\"\",\"push_in_map_placement\":\"9\",\"wpgmza_push_in_map_width\":\"\",\"wpgmza_push_in_map_height\":\"\",\"wpgmza_theme_data\":\"\",\"shortcodeAttributes\":{\"id\":\"21\"}}}' data-shortcode-attributes='{\"id\":\"21\"}' data-map-id='21'> <\/div>\n            \n               \n        <div style=\"display:block; width:100%;\">\n\t\t\t\t\n\t\t\t\t<div class=\"wpgmza-directions-box wpgmaps_directions_outer_div style-default\" data-map-id=\"21\" style=\"width:500px;display:none;clear:both;\" id=\"wpgmaps_directions_edit_21\">\n\t<h2 class=\"wpgmza-directions-box__title\">Get Directions<\/h2>\n\t\n\t<div class=\"wpgmza-directions-box-inner\" id=\"wpgmaps_directions_editbox_21\">\n\t\t<div class=\"wpgmza-directions-actions wpgmza-form-field\">\n\t\t\t<div class=\"wpgmza-directions__travel-mode\">\n\t\t\t\t<span class=\"wpgmza-travel-mode-option wpgmza-travel-option__selected\" data-mode=\"driving\">\n\t\t\t\t\t<img decoding=\"async\" src=\"https:\/\/www.au-primerose-hotel.fr\/wp-content\/plugins\/wp-google-maps-pro%202\/images\/icons\/directions_car.png\">\n\t\t\t\t<\/span>\n\t\t\t\t<span class=\"wpgmza-travel-mode-option\" data-mode=\"walking\">\n\t\t\t\t\t<img decoding=\"async\" src=\"https:\/\/www.au-primerose-hotel.fr\/wp-content\/plugins\/wp-google-maps-pro%202\/images\/icons\/directions_walking.png\">\n\t\t\t\t<\/span>\n\t\t\t\t<span class=\"wpgmza-travel-mode-option\" data-mode=\"transit\">\n\t\t\t\t\t<img decoding=\"async\" src=\"https:\/\/www.au-primerose-hotel.fr\/wp-content\/plugins\/wp-google-maps-pro%202\/images\/icons\/directions_transit.png\">\n\t\t\t\t<\/span>\n\t\t\t\t<span class=\"wpgmza-travel-mode-option\" data-mode=\"bicycling\">\n\t\t\t\t\t<img decoding=\"async\" src=\"https:\/\/www.au-primerose-hotel.fr\/wp-content\/plugins\/wp-google-maps-pro%202\/images\/icons\/directions_bike.png\">\n\t\t\t\t<\/span>\n\t\t\t<\/div>\n\n\t\t\t<div class=\"wpgmza-directions-locations\">\n\t\t\t\t<div class=\"wpgmza-directions-from wpgmza-form-field\">\n\n\t\t\t\t\t<i class=\"wpgmza-directions-from__icon fa fa-circle\"><\/i>\n\t\t\t\n\t\t\t\t\t<label class=\"wpgmza-form-field__label\" for=\"wpgmza_input_from_21\">\n\t\t\t\t\t\tFrom\t\t\t\t\t<\/label>\n\t\t\t\t\t\n\t\t\t\t\t<input class=\"wpgmza-address wpgmza-directions-from wpgmza-form-field__input\" type=\"text\" placeholder=\"From\" value=\"\" id=\"wpgmza_input_from_21\" aria-label=\"From\">\n\t\t\t\t\n\t\t\t\t<\/div>\n\n\t\t\t\t<div class=\"wpgmza-directions-to wpgmza-form-field wpgmaps_to_row\">\n\n\t\t\t\t\t<i class=\"wpgmza-directions-to__icon fa fas fa-map-marker\"><\/i>\n\n\t\t\t\t\t<label class=\"wpgmza-form-field__label\" for=\"wpgmza_input_to_21\">\n\t\t\t\t\t\tTo\t\t\t\t\t<\/label>\n\t\t\t\t\t<input class=\"wpgmza-address wpgmza-form-field__input wpgmza-directions-to\" type=\"text\" placeholder=\"To\" value=\"\" id=\"wpgmza_input_to_21\" aria-label=\"To\">\n\t\t\t\t<\/div>\n\t\t\t\t\n\t\t\t\t<div class=\"wpgmza-waypoint-via wpgmza-form-field wpgmza-form-field--no-pad wpgmaps_via wpgmaps_template\">\n\n\t\t\t\t\t<i class=\"wpgmza-directions-from__icon fa fa-circle\"><\/i>\n\t\t\t\t\n\t\t\t\t\t<input class=\"wpgmza-waypoint-via wpgmza-form-field__input wpgmaps_via\" type=\"text\" placeholder=\"Via\">\n\t\t\t\t\t\n\t\t\t\t\t<button href=\"javascript:%20;\" class=\"wpgmza_remove_via\">\n\t\t\t\t\t\t<i class=\"fa fa-times\"><\/i>\n\t\t\t\t\t<\/button>\n\t\t\t\t\t\n\t\t\t\t<\/div>\n\t\t\t\t\n\t\t\t\t<div class=\"wpgmza-add-waypoint wpgmza-form-field wpgmza-form-field--no-pad wpgmaps_add_waypoint\">\n\t\t\t\t\t<div class=\"wpgmaps_add_waypoint\">\n\t\t\t\t\t\t<a href=\"javascript:%20;\" class=\"wpgmaps_add_waypoint\" mapid=\"21\">\n\t\t\t\t\t\t\t<i class=\"fa fa-plus-circle\" aria-hidden=\"true\"><\/i>\n\t\t\t\t\t\t\tAdd Waypoint\t\t\t\t\t\t<\/a>\n\t\t\t\t\t<\/div>\n\t\t\t\t<\/div>\n\t\t\t<\/div>\n\n\t\t\t<div class=\"wpgmza-hidden\">\n\t\t\t\t<label class=\"wpgmza-travel-mode wpgmza-form-field__label\" for=\"wpgmza_dir_type_21\">\n\t\t\t\t\tFor\t\t\t\t<\/label>\n\t\t\t\t<select class=\"wpgmza-travel-mode wpgmza-form-field__input\" name=\"wpgmza_dir_type_21\" id=\"wpgmza_dir_type_21\" aria-label=\"For\">\n\t\t\t\t\t<option value=\"driving\">\n\t\t\t\t\t\tDriving\t\t\t\t\t<\/option>\n\t\t\t\t\t<option value=\"walking\">\n\t\t\t\t\t\tWalking\t\t\t\t\t<\/option>\n\t\t\t\t\t<option value=\"transit\">\n\t\t\t\t\t\tTransit\t\t\t\t\t<\/option>\n\t\t\t\t\t<option value=\"bicycling\">\n\t\t\t\t\t\tBicycling\t\t\t\t\t<\/option>\n\t\t\t\t<\/select>\n\t\t\t<\/div>\n\t\t<\/div>\n\n\t\t<div class=\"wpgmza-directions-options__section\">\n\t\t\t<a href=\"javascript:;\" class=\"wpgmza-show-directions-options\" id=\"wpgmza_show_options_21\" mapid=\"21\">\n\t\t\t\tshow options\t\t\t<\/a>\n\t\t\t\n\t\t\t<a href=\"javascript:;\" class=\"wpgmza-hide-directions-options\" id=\"wpgmza_hide_options_21\" mapid=\"21\">\n\t\t\t\thide options\t\t\t<\/a>\n\t\t\t\n\t\t\t<div class=\"wpgmza-directions-options wpgmza-form-field wpgmza-form-field--no-pad wpgmza_dir_options\">\n\t\t\t\t<label class=\"class\">\n\t\t\t\t\t<input type=\"checkbox\" class=\"wpgmza-avoid-tolls\" value=\"tolls\" name=\"wpgmza_tolls_21\" id=\"wpgmza_tolls_21\">\n\t\t\t\t\tAvoid Tolls\t\t\t\t<\/label>\n\t\t\t\t<label class=\"class\">\n\t\t\t\t\t<input type=\"checkbox\" class=\"wpgmza-avoid-highways\" value=\"highways\" name=\"wpgmza_highways_21\" id=\"wpgmza_highways_21\">\n\t\t\t\t\tAvoid Highways\t\t\t\t<\/label>\n\t\t\t\t<label class=\"class\">\n\t\t\t\t\t<input type=\"checkbox\" class=\"wpgmza-avoid-ferries\" value=\"ferries\" name=\"wpgmza_ferries_21\" id=\"wpgmza_ferries_21\">\n\t\t\t\t\tAvoid Ferries\t\t\t\t<\/label>\n\t\t\t<\/div>\n\t\t<\/div>\n\t\t\n\t<\/div>\n\t\n\t<div class=\"wpgmza-directions-buttons wpgmza-form-field wpgmaps_to_row\">\n\t\t<input class=\"wpgmza-get-directions wpgmaps_get_directions\" onclick=\"javascript: ;\" type=\"button\" value=\"Go\" id=\"21\">\n\t\t\n\t\t<span class=\"wpgmza-directions-result__buttons\">\n\t\t\t<a class=\"wpgmza-print-directions\" style=\"display: none;\" onclick=\"javascript: ;\" mapid=\"21\">\n\t\t\t\tPrint directions\t\t\t<\/a>\n\t\t\t\n\t\t\t<a class=\"wpgmza-reset-directions\" style=\"display: none;\" onclick=\"javascript: ;\" mapid=\"21\">\n\t\t\t\tReset directions\t\t\t<\/a>\n\t\t<\/span>\n\t<\/div>\n<\/div>\n\t\t\t\t\n\t\t\t\t<div id=\"wpgmaps_directions_notification_21\" style=\"display:none;\">Fetching directions......<\/div>\n\t\t\t\t\n\t\t\t\t<div id=\"wpgmaps_directions_reset_21\" style=\"display:none;\">\n\t\t\t\t\t<a href='javascript:void(0)' onclick='wpgmza_reset_directions(21);' id='wpgmaps_reset_directions' title='Reset directions'>Reset directions<\/a>\n\t\t\t\t\t<br \/>\n\t\t\t\t\t<a href='javascript: ;' id='wpgmaps_print_directions_21' target='_blank' title='Print directions'>Print directions<\/a>\n\t\t\t\t<\/div>\n\t\t\t\t\n\t\t\t\t<div id=\"directions_panel_21\"><\/div>\n\n\t\t\t<\/div><br \/>\n[\/two_third]<\/p>\n<p>[one_third_last]<\/p>\n<p><img decoding=\"async\" class=\"alignleft size-full wp-image-4435\" src=\"https:\/\/www.au-primerose-hotel.fr\/wp-content\/uploads\/2015\/02\/albi-1.png\" alt=\"\" width=\"19\" height=\"31\" \/>Luz Saint Sauveur &#8211; 18 km<\/p>\n<p><img decoding=\"async\" class=\"alignleft size-full wp-image-4437\" src=\"https:\/\/www.au-primerose-hotel.fr\/wp-content\/uploads\/2015\/02\/bordeaux-1.png\" alt=\"\" width=\"19\" height=\"31\" \/>Bar\u00e8ges &#8211; 25 km<\/p>\n<p><img loading=\"lazy\" decoding=\"async\" class=\"alignleft size-full wp-image-4434\" src=\"https:\/\/www.au-primerose-hotel.fr\/wp-content\/uploads\/2015\/02\/bayonne-1.png\" alt=\"\" width=\"19\" height=\"31\" \/>Col du Tourmalet &#8211; 36 km<\/p>\n<p><img loading=\"lazy\" decoding=\"async\" class=\"alignleft size-full wp-image-4444\" src=\"https:\/\/www.au-primerose-hotel.fr\/wp-content\/uploads\/2015\/02\/pau-1.png\" alt=\"\" width=\"19\" height=\"31\" \/>La Mongie &#8211; 58 km<\/p>\n<p><img loading=\"lazy\" decoding=\"async\" class=\"alignleft size-full wp-image-4438\" src=\"https:\/\/www.au-primerose-hotel.fr\/wp-content\/uploads\/2015\/02\/bilbao-1.png\" alt=\"\" width=\"19\" height=\"31\" \/>Lourdes &#8211; 12 km<\/p>\n<p><img loading=\"lazy\" decoding=\"async\" class=\"alignleft size-full wp-image-4439\" src=\"https:\/\/www.au-primerose-hotel.fr\/wp-content\/uploads\/2015\/02\/lourdes-1.png\" alt=\"\" width=\"19\" height=\"31\" \/>Bagn\u00e8res de Bigorre &#8211; 34 km<\/p>\n<p><img loading=\"lazy\" decoding=\"async\" class=\"alignleft size-full wp-image-4441\" src=\"https:\/\/www.au-primerose-hotel.fr\/wp-content\/uploads\/2015\/02\/toulouse-1.png\" alt=\"\" width=\"19\" height=\"31\" \/>Sainte Marie de Campan &#8211; 34 km<\/p>\n<p><img loading=\"lazy\" decoding=\"async\" class=\"alignleft size-full wp-image-4442\" src=\"https:\/\/www.au-primerose-hotel.fr\/wp-content\/uploads\/2015\/02\/tarbes-1.png\" alt=\"\" width=\"19\" height=\"31\" \/>Le Pic du Midi de Bigorre<\/p>\n<p>[\/one_third_last]<\/p>\n<div class=\"clear\"><\/div>\n<p>&nbsp;<\/p>\n<p><strong>BAGN\u00c8RES DE BIGORRE &#8211; ALTITUDE : 550M &#8211; INHABITANTS : 8000 &#8211; THE PYR\u00c9N\u00c9ES<\/strong><br \/>\n[one_half]<br \/>\n41 km from Argel\u00e8s Gazost going through the Tourmalet pass or through Lourdes and Bagn\u00e8res de Bigorre, the Pic du Midi Observatory (2877m high), accessible by a brand new cable car leaving from la Mongie, is unique in Europe.<br \/>\nAt the summit, the panorama of the Pyrenean mountain range on one side and vast plains of the South on the other side is quite unforgettable.<br \/>\nFrom the 600 m2 of terraces, you can observe more than 300 km of Pyrenean summits as well as the high mountain nature.<br \/>\nMoreover, the Pic du Midi Observatory has a renowned international reputation. Have fun discovering\u2026<br \/>\n[\/one_half]<\/p>\n<p>[one_half_last]<br \/>\n<img loading=\"lazy\" decoding=\"async\" class=\"aligncenter size-full wp-image-3767\" src=\"https:\/\/www.au-primerose-hotel.fr\/wp-content\/uploads\/2015\/02\/Tourisme-Pic-Midi-1.jpg\" alt=\"Tourisme-Pic-Midi\" width=\"512\" height=\"316\" \/><br \/>\n[\/one_half_last]<\/p>\n<div class=\"clear\"><\/div>\n<div style=\"text-align: center;\"><a href=\"https:\/\/www.au-primerose-hotel.fr\/en\/cycling-blog\/argeles-gazost\/\">Argel\u00e8s Gazost<\/a> \u2014 <a href=\"https:\/\/www.au-primerose-hotel.fr\/en\/activities\/tourism-pyrenees\/bagneres-de-bigorre\/\">Bagn\u00e8res de Bigorre<\/a> \u2014 <a href=\"https:\/\/www.au-primerose-hotel.fr\/en\/activities\/tourism-pyrenees\/cauterets\/\">Cauterets<\/a> \u2014 <a href=\"https:\/\/www.au-primerose-hotel.fr\/en\/activities\/tourism-pyrenees\/cirque-de-gavarnie\/\">Cirque de Gavarnie<\/a> \u2014 <a href=\"https:\/\/www.au-primerose-hotel.fr\/en\/activities\/tourism-pyrenees\/the-eagle-dungeon\/\">Donjon des Aigles<\/a> \u2014 <a href=\"https:\/\/www.au-primerose-hotel.fr\/en\/activities\/tourism-pyrenees\/grottes-de-betharram\/\">Grottes de B\u00e9tharram<\/a> \u2014 <a href=\"https:\/\/www.au-primerose-hotel.fr\/en\/activities\/tourism-pyrenees\/gaube-lake\/\">Lac de Gaube<\/a> \u2014 <a href=\"https:\/\/www.au-primerose-hotel.fr\/en\/activities\/tourism-pyrenees\/lourdes-2\/\">Lourdes<\/a> \u2014 <a href=\"https:\/\/www.au-primerose-hotel.fr\/en\/cycling-pyrenees\/luz-saint-sauveur\/\">Luz Saint Sauveur<\/a> \u2014 <a href=\"https:\/\/www.au-primerose-hotel.fr\/en\/cycling-pyrenees\/le-parc-national-des-pyrenees\/\">Parc Animalier<\/a> \u2014 <a href=\"https:\/\/www.au-primerose-hotel.fr\/en\/activities\/tourism-pyrenees\/pau\/\">Pau<\/a> \u2014 <a href=\"https:\/\/www.au-primerose-hotel.fr\/en\/cycling-pyrenees\/little-train-artouste\/\">Petit Train d\u2019Artouste<\/a> \u2014 <a href=\"https:\/\/www.au-primerose-hotel.fr\/en\/activities\/tourism-pyrenees\/pic-du-midi-observatory\/\">Pic du Midi de Bigorre<\/a> \u2014<br \/>\n<a href=\"https:\/\/www.au-primerose-hotel.fr\/en\/activities\/tourism-pyrenees\/saint-bertrand-de-comminges\/\">Saint Bertrand de Comminges<\/a> \u2014 <a href=\"https:\/\/www.au-primerose-hotel.fr\/en\/activities\/tourism-pyrenees\/saint-savin\/\">Saint Savin<\/a> \u2014 <a href=\"https:\/\/www.au-primerose-hotel.fr\/en\/activities\/tourism-pyrenees\/tarbes\/\">Tarbes<\/a><\/div>\n<div class=\"clear\"><\/div>\n","protected":false},"excerpt":{"rendered":"<p>The Pic du Midi Observatory [two_third] [\/two_third] [one_third_last] Luz Saint Sauveur &#8211; 18 km Bar\u00e8ges &#8211; 25 km Col du Tourmalet &#8211; 36 km La Mongie &#8211; 58 km Lourdes &#8211; 12 km Bagn\u00e8res de Bigorre &#8211; 34 km Sainte Marie de Campan &#8211; 34 km Le Pic du Midi de Bigorre [\/one_third_last] &nbsp; BAGN\u00c8RES [&hellip;]<\/p>\n","protected":false},"author":1,"featured_media":0,"parent":0,"menu_order":0,"comment_status":"open","ping_status":"open","template":"","meta":{"footnotes":""},"class_list":["post-5732","page","type-page","status-publish","hentry"],"yoast_head":"<!-- This site is optimized with the Yoast SEO plugin v27.5 - https:\/\/yoast.com\/product\/yoast-seo-wordpress\/ -->\n<title>The Pic du Midi Observatory - Au primerose H\u00f4tel<\/title>\n<meta name=\"robots\" content=\"index, follow, max-snippet:-1, max-image-preview:large, max-video-preview:-1\" \/>\n<link rel=\"canonical\" href=\"https:\/\/www.au-primerose-hotel.fr\/en\/pic-du-midi-observatory\/\" \/>\n<meta property=\"og:locale\" content=\"en_US\" \/>\n<meta property=\"og:type\" content=\"article\" \/>\n<meta property=\"og:title\" content=\"The Pic du Midi Observatory - Au primerose H\u00f4tel\" \/>\n<meta property=\"og:description\" content=\"The Pic du Midi Observatory [two_third] [\/two_third] [one_third_last] Luz Saint Sauveur &#8211; 18 km Bar\u00e8ges &#8211; 25 km Col du Tourmalet &#8211; 36 km La Mongie &#8211; 58 km Lourdes &#8211; 12 km Bagn\u00e8res de Bigorre &#8211; 34 km Sainte Marie de Campan &#8211; 34 km Le Pic du Midi de Bigorre [\/one_third_last] &nbsp; BAGN\u00c8RES [&hellip;]\" \/>\n<meta property=\"og:url\" content=\"https:\/\/www.au-primerose-hotel.fr\/en\/pic-du-midi-observatory\/\" \/>\n<meta property=\"og:site_name\" content=\"Au primerose H\u00f4tel\" \/>\n<meta property=\"article:modified_time\" content=\"2024-02-19T09:52:09+00:00\" \/>\n<meta property=\"og:image\" content=\"https:\/\/www.au-primerose-hotel.fr\/wp-content\/uploads\/2015\/04\/primerose-separator-1.png\" \/>\n<meta name=\"twitter:card\" content=\"summary_large_image\" \/>\n<meta name=\"twitter:label1\" content=\"Est. reading time\" \/>\n\t<meta name=\"twitter:data1\" content=\"1 minute\" \/>\n<script type=\"application\/ld+json\" class=\"yoast-schema-graph\">{\"@context\":\"https:\\\/\\\/schema.org\",\"@graph\":[{\"@type\":\"WebPage\",\"@id\":\"https:\\\/\\\/www.au-primerose-hotel.fr\\\/en\\\/pic-du-midi-observatory\\\/\",\"url\":\"https:\\\/\\\/www.au-primerose-hotel.fr\\\/en\\\/pic-du-midi-observatory\\\/\",\"name\":\"The Pic du Midi Observatory - Au primerose H\u00f4tel\",\"isPartOf\":{\"@id\":\"https:\\\/\\\/www.au-primerose-hotel.fr\\\/#website\"},\"primaryImageOfPage\":{\"@id\":\"https:\\\/\\\/www.au-primerose-hotel.fr\\\/en\\\/pic-du-midi-observatory\\\/#primaryimage\"},\"image\":{\"@id\":\"https:\\\/\\\/www.au-primerose-hotel.fr\\\/en\\\/pic-du-midi-observatory\\\/#primaryimage\"},\"thumbnailUrl\":\"https:\\\/\\\/www.au-primerose-hotel.fr\\\/wp-content\\\/uploads\\\/2015\\\/04\\\/primerose-separator-1.png\",\"datePublished\":\"2015-02-09T12:26:23+00:00\",\"dateModified\":\"2024-02-19T09:52:09+00:00\",\"breadcrumb\":{\"@id\":\"https:\\\/\\\/www.au-primerose-hotel.fr\\\/en\\\/pic-du-midi-observatory\\\/#breadcrumb\"},\"inLanguage\":\"en-US\",\"potentialAction\":[{\"@type\":\"ReadAction\",\"target\":[\"https:\\\/\\\/www.au-primerose-hotel.fr\\\/en\\\/pic-du-midi-observatory\\\/\"]}]},{\"@type\":\"ImageObject\",\"inLanguage\":\"en-US\",\"@id\":\"https:\\\/\\\/www.au-primerose-hotel.fr\\\/en\\\/pic-du-midi-observatory\\\/#primaryimage\",\"url\":\"https:\\\/\\\/www.au-primerose-hotel.fr\\\/wp-content\\\/uploads\\\/2015\\\/04\\\/primerose-separator-1.png\",\"contentUrl\":\"https:\\\/\\\/www.au-primerose-hotel.fr\\\/wp-content\\\/uploads\\\/2015\\\/04\\\/primerose-separator-1.png\"},{\"@type\":\"BreadcrumbList\",\"@id\":\"https:\\\/\\\/www.au-primerose-hotel.fr\\\/en\\\/pic-du-midi-observatory\\\/#breadcrumb\",\"itemListElement\":[{\"@type\":\"ListItem\",\"position\":1,\"name\":\"Accueil\",\"item\":\"https:\\\/\\\/www.au-primerose-hotel.fr\\\/\"},{\"@type\":\"ListItem\",\"position\":2,\"name\":\"The Pic du Midi Observatory\"}]},{\"@type\":\"WebSite\",\"@id\":\"https:\\\/\\\/www.au-primerose-hotel.fr\\\/#website\",\"url\":\"https:\\\/\\\/www.au-primerose-hotel.fr\\\/\",\"name\":\"Au primerose H\u00f4tel\",\"description\":\"\",\"publisher\":{\"@id\":\"https:\\\/\\\/www.au-primerose-hotel.fr\\\/#organization\"},\"potentialAction\":[{\"@type\":\"SearchAction\",\"target\":{\"@type\":\"EntryPoint\",\"urlTemplate\":\"https:\\\/\\\/www.au-primerose-hotel.fr\\\/?s={search_term_string}\"},\"query-input\":{\"@type\":\"PropertyValueSpecification\",\"valueRequired\":true,\"valueName\":\"search_term_string\"}}],\"inLanguage\":\"en-US\"},{\"@type\":\"Organization\",\"@id\":\"https:\\\/\\\/www.au-primerose-hotel.fr\\\/#organization\",\"name\":\"Au primerose H\u00f4tel\",\"url\":\"https:\\\/\\\/www.au-primerose-hotel.fr\\\/\",\"logo\":{\"@type\":\"ImageObject\",\"inLanguage\":\"en-US\",\"@id\":\"https:\\\/\\\/www.au-primerose-hotel.fr\\\/#\\\/schema\\\/logo\\\/image\\\/\",\"url\":\"https:\\\/\\\/www.au-primerose-hotel.fr\\\/wp-content\\\/uploads\\\/2024\\\/02\\\/logo_primerose.svg\",\"contentUrl\":\"https:\\\/\\\/www.au-primerose-hotel.fr\\\/wp-content\\\/uploads\\\/2024\\\/02\\\/logo_primerose.svg\",\"caption\":\"Au primerose H\u00f4tel\"},\"image\":{\"@id\":\"https:\\\/\\\/www.au-primerose-hotel.fr\\\/#\\\/schema\\\/logo\\\/image\\\/\"}}]}<\/script>\n<!-- \/ Yoast SEO plugin. -->","yoast_head_json":{"title":"The Pic du Midi Observatory - Au primerose H\u00f4tel","robots":{"index":"index","follow":"follow","max-snippet":"max-snippet:-1","max-image-preview":"max-image-preview:large","max-video-preview":"max-video-preview:-1"},"canonical":"https:\/\/www.au-primerose-hotel.fr\/en\/pic-du-midi-observatory\/","og_locale":"en_US","og_type":"article","og_title":"The Pic du Midi Observatory - Au primerose H\u00f4tel","og_description":"The Pic du Midi Observatory [two_third] [\/two_third] [one_third_last] Luz Saint Sauveur &#8211; 18 km Bar\u00e8ges &#8211; 25 km Col du Tourmalet &#8211; 36 km La Mongie &#8211; 58 km Lourdes &#8211; 12 km Bagn\u00e8res de Bigorre &#8211; 34 km Sainte Marie de Campan &#8211; 34 km Le Pic du Midi de Bigorre [\/one_third_last] &nbsp; BAGN\u00c8RES [&hellip;]","og_url":"https:\/\/www.au-primerose-hotel.fr\/en\/pic-du-midi-observatory\/","og_site_name":"Au primerose H\u00f4tel","article_modified_time":"2024-02-19T09:52:09+00:00","og_image":[{"url":"https:\/\/www.au-primerose-hotel.fr\/wp-content\/uploads\/2015\/04\/primerose-separator-1.png","type":"","width":"","height":""}],"twitter_card":"summary_large_image","twitter_misc":{"Est. reading time":"1 minute"},"schema":{"@context":"https:\/\/schema.org","@graph":[{"@type":"WebPage","@id":"https:\/\/www.au-primerose-hotel.fr\/en\/pic-du-midi-observatory\/","url":"https:\/\/www.au-primerose-hotel.fr\/en\/pic-du-midi-observatory\/","name":"The Pic du Midi Observatory - Au primerose H\u00f4tel","isPartOf":{"@id":"https:\/\/www.au-primerose-hotel.fr\/#website"},"primaryImageOfPage":{"@id":"https:\/\/www.au-primerose-hotel.fr\/en\/pic-du-midi-observatory\/#primaryimage"},"image":{"@id":"https:\/\/www.au-primerose-hotel.fr\/en\/pic-du-midi-observatory\/#primaryimage"},"thumbnailUrl":"https:\/\/www.au-primerose-hotel.fr\/wp-content\/uploads\/2015\/04\/primerose-separator-1.png","datePublished":"2015-02-09T12:26:23+00:00","dateModified":"2024-02-19T09:52:09+00:00","breadcrumb":{"@id":"https:\/\/www.au-primerose-hotel.fr\/en\/pic-du-midi-observatory\/#breadcrumb"},"inLanguage":"en-US","potentialAction":[{"@type":"ReadAction","target":["https:\/\/www.au-primerose-hotel.fr\/en\/pic-du-midi-observatory\/"]}]},{"@type":"ImageObject","inLanguage":"en-US","@id":"https:\/\/www.au-primerose-hotel.fr\/en\/pic-du-midi-observatory\/#primaryimage","url":"https:\/\/www.au-primerose-hotel.fr\/wp-content\/uploads\/2015\/04\/primerose-separator-1.png","contentUrl":"https:\/\/www.au-primerose-hotel.fr\/wp-content\/uploads\/2015\/04\/primerose-separator-1.png"},{"@type":"BreadcrumbList","@id":"https:\/\/www.au-primerose-hotel.fr\/en\/pic-du-midi-observatory\/#breadcrumb","itemListElement":[{"@type":"ListItem","position":1,"name":"Accueil","item":"https:\/\/www.au-primerose-hotel.fr\/"},{"@type":"ListItem","position":2,"name":"The Pic du Midi Observatory"}]},{"@type":"WebSite","@id":"https:\/\/www.au-primerose-hotel.fr\/#website","url":"https:\/\/www.au-primerose-hotel.fr\/","name":"Au primerose H\u00f4tel","description":"","publisher":{"@id":"https:\/\/www.au-primerose-hotel.fr\/#organization"},"potentialAction":[{"@type":"SearchAction","target":{"@type":"EntryPoint","urlTemplate":"https:\/\/www.au-primerose-hotel.fr\/?s={search_term_string}"},"query-input":{"@type":"PropertyValueSpecification","valueRequired":true,"valueName":"search_term_string"}}],"inLanguage":"en-US"},{"@type":"Organization","@id":"https:\/\/www.au-primerose-hotel.fr\/#organization","name":"Au primerose H\u00f4tel","url":"https:\/\/www.au-primerose-hotel.fr\/","logo":{"@type":"ImageObject","inLanguage":"en-US","@id":"https:\/\/www.au-primerose-hotel.fr\/#\/schema\/logo\/image\/","url":"https:\/\/www.au-primerose-hotel.fr\/wp-content\/uploads\/2024\/02\/logo_primerose.svg","contentUrl":"https:\/\/www.au-primerose-hotel.fr\/wp-content\/uploads\/2024\/02\/logo_primerose.svg","caption":"Au primerose H\u00f4tel"},"image":{"@id":"https:\/\/www.au-primerose-hotel.fr\/#\/schema\/logo\/image\/"}}]}},"_links":{"self":[{"href":"https:\/\/www.au-primerose-hotel.fr\/en\/wp-json\/wp\/v2\/pages\/5732","targetHints":{"allow":["GET"]}}],"collection":[{"href":"https:\/\/www.au-primerose-hotel.fr\/en\/wp-json\/wp\/v2\/pages"}],"about":[{"href":"https:\/\/www.au-primerose-hotel.fr\/en\/wp-json\/wp\/v2\/types\/page"}],"author":[{"embeddable":true,"href":"https:\/\/www.au-primerose-hotel.fr\/en\/wp-json\/wp\/v2\/users\/1"}],"replies":[{"embeddable":true,"href":"https:\/\/www.au-primerose-hotel.fr\/en\/wp-json\/wp\/v2\/comments?post=5732"}],"version-history":[{"count":1,"href":"https:\/\/www.au-primerose-hotel.fr\/en\/wp-json\/wp\/v2\/pages\/5732\/revisions"}],"predecessor-version":[{"id":12262,"href":"https:\/\/www.au-primerose-hotel.fr\/en\/wp-json\/wp\/v2\/pages\/5732\/revisions\/12262"}],"wp:attachment":[{"href":"https:\/\/www.au-primerose-hotel.fr\/en\/wp-json\/wp\/v2\/media?parent=5732"}],"curies":[{"name":"wp","href":"https:\/\/api.w.org\/{rel}","templated":true}]}}