{"id":8856,"date":"2015-02-23T13:23:51","date_gmt":"2015-02-23T12:23:51","guid":{"rendered":"https:\/\/www.au-primerose-hotel.fr\/sejour-balneo\/"},"modified":"2024-02-19T11:10:16","modified_gmt":"2024-02-19T10:10:16","slug":"spa-wellness","status":"publish","type":"page","link":"https:\/\/www.au-primerose-hotel.fr\/en\/spa-wellness\/","title":{"rendered":"Spa \u2013 Wellness"},"content":{"rendered":"<p><img fetchpriority=\"high\" decoding=\"async\" class=\"aligncenter size-full wp-image-6011\" src=\"https:\/\/www.au-primerose-hotel.fr\/wp-content\/uploads\/2015\/02\/sejour-balneo.jpg\" alt=\"sejour-balneo\" width=\"920\" height=\"286\" \/><\/p>\n<h1 style=\"text-align: center;\"><strong>Spa \u2013 Wellness<\/strong><\/h1>\n<p><img decoding=\"async\" class=\"aligncenter size-full wp-image-128\" src=\"https:\/\/www.au-primerose-hotel.fr\/wp-content\/uploads\/2015\/04\/primerose-separator-1.png\" alt=\"primerose-separator\" width=\"600\" height=\"6\" \/><\/p>\n<h6 style=\"text-align: center;\"><strong><br \/>\nThe Primerose Hotel together with the Spa \u201cle Jardin des Bain\u201d bring you some very special offers.<\/strong><\/h6>\n\n<p>\u00a9 HPTE &#8211; LAURENCE-BOILEAU<\/p>\n<p>[one_third]<br \/>\n[message type=&#8221;custom&#8221; width=&#8221;100%&#8221; start_color=&#8221;#FFFFFF&#8221; end_color=&#8221;#FFFFFF&#8221; border=&#8221;#E7408E&#8221; color=&#8221;#333333&#8243;]<\/p>\n<h3 style=\"color: #e7408e; text-align: center;\">Wellness<\/h3>\n<p style=\"color: #e7408e; text-align: center;\">Wellness treatment with thermal water (including 4 individual morning treatments)<\/p>\n<div style=\"text-align: center; margin-top: 5px;\">\n<p>Daily rate from <strong>\u20ac28<br \/>\n<\/strong><\/p>\n<hr \/>\n<p>Weekly rate (6 mornings) <strong>\u20ac146<\/strong><\/p>\n<hr \/>\n<p>The &#8220;Ultimate Wellness Package&#8221; <strong>\u20ac106<\/strong><br \/>\nSoft body scrub (30 mn) + Body wrap (30mn) + Body massage (45 mn)<\/p>\n<\/div>\n<p>[\/message]<br \/>\n[\/one_third]<br \/>\n[one_third]<br \/>\n[message type=&#8221;custom&#8221; width=&#8221;100%&#8221; start_color=&#8221;#FFFFFF&#8221; end_color=&#8221;#FFFFFF&#8221; border=&#8221;#7d1e4e&#8221; color=&#8221;#333333&#8243;]<\/p>\n<h3 style=\"color: #e7408e; text-align: center;\">Spa<\/h3>\n<p style=\"color: #e7408e; text-align: center;\">\u20ac7<br \/>\n1 hour of complete &#8220;water relaxation&#8221;<\/p>\n<p style=\"text-align: center;\">inc towel from hotel reception<br \/>\n<s>normal price \u20ac15 inc towel at spa<\/s><\/p>\n<hr \/>\n<h3 style=\"color: #e7408e; text-align: center;\">Massages from<\/h3>\n<h5 style=\"margin-bottom: 15px; color: #444444; text-align: center;\"><span style=\"font-size: 34px;\">\u20ac39<\/span><br \/>\n<s>normal price \u20ac45 at Spa<\/s><\/h5>\n<p>[\/message]<br \/>\n[\/one_third]<\/p>\n<p>[one_third_last]<br \/>\n[message type=&#8221;custom&#8221; width=&#8221;100%&#8221; start_color=&#8221;#FFFFFF&#8221; end_color=&#8221;#FFFFFF&#8221; border=&#8221;#E7408E&#8221; color=&#8221;#333333&#8243;]<\/p>\n<h3 style=\"color: #e7408e; text-align: center;\">Sporting activities<\/h3>\n<p>&#8211; Access to a well equipped gym: <strong>\u20ac8 <\/strong><br \/>\n&#8211; Guided walks in the mountains <strong>\u20ac3 per person<\/strong> (every Tuesday and Friday at 14:30, meet at Spa)<br \/>\n&#8211; Recovery massages from <strong>\u20ac39<\/strong><br \/>\n&#8211; Sport recovery with thermal water, for groups, on booking<br \/>\n[\/message]<br \/>\n[\/one_third_last]<br \/>\n<img decoding=\"async\" class=\"aligncenter size-full wp-image-9429\" src=\"https:\/\/www.au-primerose-hotel.fr\/wp-content\/uploads\/2019\/02\/JARDIN-DES-BAINS-SOIREES-NOCTURNES_HPTE_JARDIN-DES-BAINS-_2.jpg\" alt=\"\" width=\"1600\" height=\"409\" \/><\/p>\n","protected":false},"excerpt":{"rendered":"<p>Spa \u2013 Wellness The Primerose Hotel together with the Spa \u201cle Jardin des Bain\u201d bring you some very special offers. \u00a9 HPTE &#8211; LAURENCE-BOILEAU [one_third] [message type=&#8221;custom&#8221; width=&#8221;100%&#8221; start_color=&#8221;#FFFFFF&#8221; end_color=&#8221;#FFFFFF&#8221; border=&#8221;#E7408E&#8221; color=&#8221;#333333&#8243;] Wellness Wellness treatment with thermal water (including 4 individual morning treatments) Daily rate from \u20ac28 Weekly rate (6 mornings) \u20ac146 The &#8220;Ultimate Wellness [&hellip;]<\/p>\n","protected":false},"author":1,"featured_media":0,"parent":0,"menu_order":0,"comment_status":"closed","ping_status":"closed","template":"","meta":{"footnotes":""},"class_list":["post-8856","page","type-page","status-publish","hentry"],"yoast_head":"<!-- This site is optimized with the Yoast SEO plugin v27.5 - https:\/\/yoast.com\/product\/yoast-seo-wordpress\/ -->\n<title>Spa \u2013 Wellness - Au primerose H\u00f4tel<\/title>\n<meta name=\"description\" content=\"Un s\u00e9jour Baln\u00e9o dans les Pyr\u00e9n\u00e9es vous tente ? Alors profitez de nos offres exclusives ici !\" \/>\n<meta name=\"robots\" content=\"index, follow, max-snippet:-1, max-image-preview:large, max-video-preview:-1\" \/>\n<link rel=\"canonical\" href=\"https:\/\/www.au-primerose-hotel.fr\/en\/spa-wellness\/\" \/>\n<meta property=\"og:locale\" content=\"en_US\" \/>\n<meta property=\"og:type\" content=\"article\" \/>\n<meta property=\"og:title\" content=\"Spa \u2013 Wellness - Au primerose H\u00f4tel\" \/>\n<meta property=\"og:description\" content=\"Un s\u00e9jour Baln\u00e9o dans les Pyr\u00e9n\u00e9es vous tente ? Alors profitez de nos offres exclusives ici !\" \/>\n<meta property=\"og:url\" content=\"https:\/\/www.au-primerose-hotel.fr\/en\/spa-wellness\/\" \/>\n<meta property=\"og:site_name\" content=\"Au primerose H\u00f4tel\" \/>\n<meta property=\"article:modified_time\" content=\"2024-02-19T10:10:16+00:00\" \/>\n<meta property=\"og:image\" content=\"https:\/\/www.au-primerose-hotel.fr\/wp-content\/uploads\/2015\/02\/sejour-balneo.jpg\" \/>\n<meta name=\"twitter:card\" content=\"summary_large_image\" \/>\n<meta name=\"twitter:label1\" content=\"Est. reading time\" \/>\n\t<meta name=\"twitter:data1\" content=\"1 minute\" \/>\n<script type=\"application\/ld+json\" class=\"yoast-schema-graph\">{\"@context\":\"https:\\\/\\\/schema.org\",\"@graph\":[{\"@type\":\"WebPage\",\"@id\":\"https:\\\/\\\/www.au-primerose-hotel.fr\\\/en\\\/spa-wellness\\\/\",\"url\":\"https:\\\/\\\/www.au-primerose-hotel.fr\\\/en\\\/spa-wellness\\\/\",\"name\":\"Spa \u2013 Wellness - Au primerose H\u00f4tel\",\"isPartOf\":{\"@id\":\"https:\\\/\\\/www.au-primerose-hotel.fr\\\/#website\"},\"primaryImageOfPage\":{\"@id\":\"https:\\\/\\\/www.au-primerose-hotel.fr\\\/en\\\/spa-wellness\\\/#primaryimage\"},\"image\":{\"@id\":\"https:\\\/\\\/www.au-primerose-hotel.fr\\\/en\\\/spa-wellness\\\/#primaryimage\"},\"thumbnailUrl\":\"https:\\\/\\\/www.au-primerose-hotel.fr\\\/wp-content\\\/uploads\\\/2015\\\/02\\\/sejour-balneo.jpg\",\"datePublished\":\"2015-02-23T12:23:51+00:00\",\"dateModified\":\"2024-02-19T10:10:16+00:00\",\"description\":\"Un s\u00e9jour Baln\u00e9o dans les Pyr\u00e9n\u00e9es vous tente ? Alors profitez de nos offres exclusives ici !\",\"breadcrumb\":{\"@id\":\"https:\\\/\\\/www.au-primerose-hotel.fr\\\/en\\\/spa-wellness\\\/#breadcrumb\"},\"inLanguage\":\"en-US\",\"potentialAction\":[{\"@type\":\"ReadAction\",\"target\":[\"https:\\\/\\\/www.au-primerose-hotel.fr\\\/en\\\/spa-wellness\\\/\"]}]},{\"@type\":\"ImageObject\",\"inLanguage\":\"en-US\",\"@id\":\"https:\\\/\\\/www.au-primerose-hotel.fr\\\/en\\\/spa-wellness\\\/#primaryimage\",\"url\":\"https:\\\/\\\/www.au-primerose-hotel.fr\\\/wp-content\\\/uploads\\\/2015\\\/02\\\/sejour-balneo.jpg\",\"contentUrl\":\"https:\\\/\\\/www.au-primerose-hotel.fr\\\/wp-content\\\/uploads\\\/2015\\\/02\\\/sejour-balneo.jpg\"},{\"@type\":\"BreadcrumbList\",\"@id\":\"https:\\\/\\\/www.au-primerose-hotel.fr\\\/en\\\/spa-wellness\\\/#breadcrumb\",\"itemListElement\":[{\"@type\":\"ListItem\",\"position\":1,\"name\":\"Accueil\",\"item\":\"https:\\\/\\\/www.au-primerose-hotel.fr\\\/\"},{\"@type\":\"ListItem\",\"position\":2,\"name\":\"Spa \u2013 Wellness\"}]},{\"@type\":\"WebSite\",\"@id\":\"https:\\\/\\\/www.au-primerose-hotel.fr\\\/#website\",\"url\":\"https:\\\/\\\/www.au-primerose-hotel.fr\\\/\",\"name\":\"Au primerose H\u00f4tel\",\"description\":\"\",\"publisher\":{\"@id\":\"https:\\\/\\\/www.au-primerose-hotel.fr\\\/#organization\"},\"potentialAction\":[{\"@type\":\"SearchAction\",\"target\":{\"@type\":\"EntryPoint\",\"urlTemplate\":\"https:\\\/\\\/www.au-primerose-hotel.fr\\\/?s={search_term_string}\"},\"query-input\":{\"@type\":\"PropertyValueSpecification\",\"valueRequired\":true,\"valueName\":\"search_term_string\"}}],\"inLanguage\":\"en-US\"},{\"@type\":\"Organization\",\"@id\":\"https:\\\/\\\/www.au-primerose-hotel.fr\\\/#organization\",\"name\":\"Au primerose H\u00f4tel\",\"url\":\"https:\\\/\\\/www.au-primerose-hotel.fr\\\/\",\"logo\":{\"@type\":\"ImageObject\",\"inLanguage\":\"en-US\",\"@id\":\"https:\\\/\\\/www.au-primerose-hotel.fr\\\/#\\\/schema\\\/logo\\\/image\\\/\",\"url\":\"https:\\\/\\\/www.au-primerose-hotel.fr\\\/wp-content\\\/uploads\\\/2024\\\/02\\\/logo_primerose.svg\",\"contentUrl\":\"https:\\\/\\\/www.au-primerose-hotel.fr\\\/wp-content\\\/uploads\\\/2024\\\/02\\\/logo_primerose.svg\",\"caption\":\"Au primerose H\u00f4tel\"},\"image\":{\"@id\":\"https:\\\/\\\/www.au-primerose-hotel.fr\\\/#\\\/schema\\\/logo\\\/image\\\/\"}}]}<\/script>\n<!-- \/ Yoast SEO plugin. -->","yoast_head_json":{"title":"Spa \u2013 Wellness - Au primerose H\u00f4tel","description":"Un s\u00e9jour Baln\u00e9o dans les Pyr\u00e9n\u00e9es vous tente ? Alors profitez de nos offres exclusives ici !","robots":{"index":"index","follow":"follow","max-snippet":"max-snippet:-1","max-image-preview":"max-image-preview:large","max-video-preview":"max-video-preview:-1"},"canonical":"https:\/\/www.au-primerose-hotel.fr\/en\/spa-wellness\/","og_locale":"en_US","og_type":"article","og_title":"Spa \u2013 Wellness - Au primerose H\u00f4tel","og_description":"Un s\u00e9jour Baln\u00e9o dans les Pyr\u00e9n\u00e9es vous tente ? Alors profitez de nos offres exclusives ici !","og_url":"https:\/\/www.au-primerose-hotel.fr\/en\/spa-wellness\/","og_site_name":"Au primerose H\u00f4tel","article_modified_time":"2024-02-19T10:10:16+00:00","og_image":[{"url":"https:\/\/www.au-primerose-hotel.fr\/wp-content\/uploads\/2015\/02\/sejour-balneo.jpg","type":"","width":"","height":""}],"twitter_card":"summary_large_image","twitter_misc":{"Est. reading time":"1 minute"},"schema":{"@context":"https:\/\/schema.org","@graph":[{"@type":"WebPage","@id":"https:\/\/www.au-primerose-hotel.fr\/en\/spa-wellness\/","url":"https:\/\/www.au-primerose-hotel.fr\/en\/spa-wellness\/","name":"Spa \u2013 Wellness - Au primerose H\u00f4tel","isPartOf":{"@id":"https:\/\/www.au-primerose-hotel.fr\/#website"},"primaryImageOfPage":{"@id":"https:\/\/www.au-primerose-hotel.fr\/en\/spa-wellness\/#primaryimage"},"image":{"@id":"https:\/\/www.au-primerose-hotel.fr\/en\/spa-wellness\/#primaryimage"},"thumbnailUrl":"https:\/\/www.au-primerose-hotel.fr\/wp-content\/uploads\/2015\/02\/sejour-balneo.jpg","datePublished":"2015-02-23T12:23:51+00:00","dateModified":"2024-02-19T10:10:16+00:00","description":"Un s\u00e9jour Baln\u00e9o dans les Pyr\u00e9n\u00e9es vous tente ? Alors profitez de nos offres exclusives ici !","breadcrumb":{"@id":"https:\/\/www.au-primerose-hotel.fr\/en\/spa-wellness\/#breadcrumb"},"inLanguage":"en-US","potentialAction":[{"@type":"ReadAction","target":["https:\/\/www.au-primerose-hotel.fr\/en\/spa-wellness\/"]}]},{"@type":"ImageObject","inLanguage":"en-US","@id":"https:\/\/www.au-primerose-hotel.fr\/en\/spa-wellness\/#primaryimage","url":"https:\/\/www.au-primerose-hotel.fr\/wp-content\/uploads\/2015\/02\/sejour-balneo.jpg","contentUrl":"https:\/\/www.au-primerose-hotel.fr\/wp-content\/uploads\/2015\/02\/sejour-balneo.jpg"},{"@type":"BreadcrumbList","@id":"https:\/\/www.au-primerose-hotel.fr\/en\/spa-wellness\/#breadcrumb","itemListElement":[{"@type":"ListItem","position":1,"name":"Accueil","item":"https:\/\/www.au-primerose-hotel.fr\/"},{"@type":"ListItem","position":2,"name":"Spa \u2013 Wellness"}]},{"@type":"WebSite","@id":"https:\/\/www.au-primerose-hotel.fr\/#website","url":"https:\/\/www.au-primerose-hotel.fr\/","name":"Au primerose H\u00f4tel","description":"","publisher":{"@id":"https:\/\/www.au-primerose-hotel.fr\/#organization"},"potentialAction":[{"@type":"SearchAction","target":{"@type":"EntryPoint","urlTemplate":"https:\/\/www.au-primerose-hotel.fr\/?s={search_term_string}"},"query-input":{"@type":"PropertyValueSpecification","valueRequired":true,"valueName":"search_term_string"}}],"inLanguage":"en-US"},{"@type":"Organization","@id":"https:\/\/www.au-primerose-hotel.fr\/#organization","name":"Au primerose H\u00f4tel","url":"https:\/\/www.au-primerose-hotel.fr\/","logo":{"@type":"ImageObject","inLanguage":"en-US","@id":"https:\/\/www.au-primerose-hotel.fr\/#\/schema\/logo\/image\/","url":"https:\/\/www.au-primerose-hotel.fr\/wp-content\/uploads\/2024\/02\/logo_primerose.svg","contentUrl":"https:\/\/www.au-primerose-hotel.fr\/wp-content\/uploads\/2024\/02\/logo_primerose.svg","caption":"Au primerose H\u00f4tel"},"image":{"@id":"https:\/\/www.au-primerose-hotel.fr\/#\/schema\/logo\/image\/"}}]}},"_links":{"self":[{"href":"https:\/\/www.au-primerose-hotel.fr\/en\/wp-json\/wp\/v2\/pages\/8856","targetHints":{"allow":["GET"]}}],"collection":[{"href":"https:\/\/www.au-primerose-hotel.fr\/en\/wp-json\/wp\/v2\/pages"}],"about":[{"href":"https:\/\/www.au-primerose-hotel.fr\/en\/wp-json\/wp\/v2\/types\/page"}],"author":[{"embeddable":true,"href":"https:\/\/www.au-primerose-hotel.fr\/en\/wp-json\/wp\/v2\/users\/1"}],"replies":[{"embeddable":true,"href":"https:\/\/www.au-primerose-hotel.fr\/en\/wp-json\/wp\/v2\/comments?post=8856"}],"version-history":[{"count":1,"href":"https:\/\/www.au-primerose-hotel.fr\/en\/wp-json\/wp\/v2\/pages\/8856\/revisions"}],"predecessor-version":[{"id":12275,"href":"https:\/\/www.au-primerose-hotel.fr\/en\/wp-json\/wp\/v2\/pages\/8856\/revisions\/12275"}],"wp:attachment":[{"href":"https:\/\/www.au-primerose-hotel.fr\/en\/wp-json\/wp\/v2\/media?parent=8856"}],"curies":[{"name":"wp","href":"https:\/\/api.w.org\/{rel}","templated":true}]}}