{"id":8971,"date":"2015-03-16T10:49:48","date_gmt":"2015-03-16T09:49:48","guid":{"rendered":"https:\/\/www.au-primerose-hotel.fr\/mentions-legales\/"},"modified":"2015-03-16T10:49:48","modified_gmt":"2015-03-16T09:49:48","slug":"legal-notice","status":"publish","type":"page","link":"https:\/\/www.au-primerose-hotel.fr\/en\/legal-notice\/","title":{"rendered":"Legal notice"},"content":{"rendered":"<h1>Legal notice<\/h1>\n<p><strong>URL<\/strong> : www.au-primerose-hotel.fr \/ www.au-primerose-hotel.com<br \/>\n<strong>Entreprise<\/strong> : Primerose Sarl<br \/>\n<strong>Si\u00e8ge social<\/strong> : Au Primerose H\u00f4tel \u2013 23, rue de l\u2019Yser \u2013 65400 Argel\u00e8s Gazost \u2013 France<br \/>\n<strong>T\u00e9l<\/strong> : +33(0)5 62 97 06 72<br \/>\n<strong>Fax<\/strong> : +33(0)5 62 97 23 08<br \/>\n<strong>E-mail<\/strong> : info@au-primerose-hotel.fr<\/p>\n<p><strong>RCS<\/strong> : TARBES 410 765 812<br \/>\n<strong>Objet du site<\/strong> : Promotion de l\u2019\u00e9tablissement<br \/>\n<strong>Directeur de la publication<\/strong> : Monsieur Philippe Castellini<br \/>\n<strong>Responsable l\u00e9gal<\/strong> : Monsieur Philippe Castellini<br \/>\n<strong>Responsable \u00e9ditorial<\/strong> : Monsieur Philippe Castellini<\/p>\n<p><strong>Webmaster, conception et r\u00e9alisation du site internet<\/strong> : <a href=\"https:\/\/www.hotelmarketing35.com\" target=\"_blank\" rel=\"noopener\">Hotel Marketing35<\/a><br \/>\nLe webmaster (cr\u00e9ateur du site internet) d\u00e9cline toute responsabilit\u00e9 quant au contenu publi\u00e9 par le responsable \u00e9ditorial.<br \/>\n<strong>H\u00e9bergement<\/strong> : OVH<\/p>\n<p><strong>Photographies :<\/strong><br \/>\nHautes Pyr\u00e9n\u00e9es Tourisme Environnement (11, rue Gaston Manent BP 9502 \u2013 65950 Tarbes Cedex 9)<br \/>\nGeoffrey Parker \u2013 Angleterre<br \/>\nEnrico Del Favero \u2013 Belgique<br \/>\nPhilippe Castellini \u2013 France<br \/>\nEmmanuel Renoul \u2013 France<br \/>\nEddy Pieters \u2013 Belgique<br \/>\nDavid Van Ceunebroucke \u2013 Belgique<br \/>\nDirk Vermeirsch \u2013 Belgique<br \/>\nLionel Fort \u2013 France<br \/>\nZOOMPHOTO Luz St-Sauveur<br \/>\nPatrick Berisset<\/p>\n<p><strong>Le site pr\u00e9sente :<\/strong><br \/>\nDu contenu informatif<br \/>\nUne collecte de coordonn\u00e9es personnelles en ligne<\/p>\n<p><strong>Privacy policy :<\/strong> le site fait l\u2019objet d\u2019une d\u00e9claration aupr\u00e8s de la Commission Nationale Informatique et Libert\u00e9. Vous disposez d\u2019un droit d\u2019acc\u00e8s, de modification, de rectification et de suppression des donn\u00e9es qui vous concernent (art. 34 de la loi \u00ab Informatique et Libert\u00e9s \u00bb).<br \/>\n<a href=\"https:\/\/www.au-primerose-hotel.fr\/en\/privacy-policy\/\">For more information, click here ><\/a><\/p>\n<p><strong>Propri\u00e9t\u00e9 :<\/strong> le site et les informations qu\u2019il contient sont prot\u00e9g\u00e9s par la loi fran\u00e7aise sur la propri\u00e9t\u00e9 intellectuelle et par les conventions internationales. Hors utilisation dans le cercle de famille ou usage priv\u00e9, le site et aucun \u00e9l\u00e9ment de son contenu ne peuvent \u00eatre reproduits, republi\u00e9s, retranscrits, modifi\u00e9s ou retransmis sans l\u2019autorisation pr\u00e9alable des ayants droit.<\/p>\n<p>[content_block bg_color=&#8221;#e74190&#8243; max_bg_width=&#8221;yes&#8221; content_padding=&#8221;30px 0&#8243; font_color=&#8221;#FFFFFF&#8221;]<br \/>\n[one_third]<\/p>\n<p style=\"font-size: 18px; text-align: center; background-color: #ffffff; width: 80%;\"><a style=\"color: #666;\" href=\"https:\/\/www.au-primerose-hotel.fr\/contact\/\">Contactez-nous &gt;&gt;<\/a><\/p>\n<p>[\/one_third]<br \/>\n[one_third]<\/p>\n<p style=\"font-size: 18px; text-align: center; background-color: #ffffff; width: 80%;\"><a style=\"color: #666;\" href=\"https:\/\/www.au-primerose-hotel.fr\/contact\/\" target=\"_blank\" rel=\"noopener\">R\u00e9servez en ligne &gt;&gt;<\/a><\/p>\n<p>[\/one_third]<br \/>\n[one_third_last]<\/p>\n<p style=\"font-size: 18px; text-align: center; background-color: #ffffff; width: 80%;\"><a style=\"color: #666;\" href=\"https:\/\/www.au-primerose-hotel.fr\/notre-hotel\/temoignages\">Nos t\u00e9moignages &gt;&gt;<\/a><\/p>\n<p>[\/one_third_last]<br \/>\n[\/content_block]<\/p>\n","protected":false},"excerpt":{"rendered":"<p>Legal notice URL : www.au-primerose-hotel.fr \/ www.au-primerose-hotel.com Entreprise : Primerose Sarl Si\u00e8ge social : Au Primerose H\u00f4tel \u2013 23, rue de l\u2019Yser \u2013 65400 Argel\u00e8s Gazost \u2013 France T\u00e9l : +33(0)5 62 97 06 72 Fax : +33(0)5 62 97 23 08 E-mail : info@au-primerose-hotel.fr RCS : TARBES 410 765 812 Objet du site : [&hellip;]<\/p>\n","protected":false},"author":1,"featured_media":0,"parent":0,"menu_order":0,"comment_status":"open","ping_status":"open","template":"page-FullWidth.php","meta":{"footnotes":""},"class_list":["post-8971","page","type-page","status-publish","hentry"],"yoast_head":"<!-- This site is optimized with the Yoast SEO plugin v27.5 - https:\/\/yoast.com\/product\/yoast-seo-wordpress\/ -->\n<title>Legal notice - Au primerose H\u00f4tel<\/title>\n<meta name=\"robots\" content=\"index, follow, max-snippet:-1, max-image-preview:large, max-video-preview:-1\" \/>\n<link rel=\"canonical\" href=\"https:\/\/www.au-primerose-hotel.fr\/en\/legal-notice\/\" \/>\n<meta property=\"og:locale\" content=\"en_US\" \/>\n<meta property=\"og:type\" content=\"article\" \/>\n<meta property=\"og:title\" content=\"Legal notice - Au primerose H\u00f4tel\" \/>\n<meta property=\"og:description\" content=\"Legal notice URL : www.au-primerose-hotel.fr \/ www.au-primerose-hotel.com Entreprise : Primerose Sarl Si\u00e8ge social : Au Primerose H\u00f4tel \u2013 23, rue de l\u2019Yser \u2013 65400 Argel\u00e8s Gazost \u2013 France T\u00e9l : +33(0)5 62 97 06 72 Fax : +33(0)5 62 97 23 08 E-mail : info@au-primerose-hotel.fr RCS : TARBES 410 765 812 Objet du site : [&hellip;]\" \/>\n<meta property=\"og:url\" content=\"https:\/\/www.au-primerose-hotel.fr\/en\/legal-notice\/\" \/>\n<meta property=\"og:site_name\" content=\"Au primerose H\u00f4tel\" \/>\n<meta name=\"twitter:card\" content=\"summary_large_image\" \/>\n<meta name=\"twitter:label1\" content=\"Est. reading time\" \/>\n\t<meta name=\"twitter:data1\" content=\"2 minutes\" \/>\n<script type=\"application\/ld+json\" class=\"yoast-schema-graph\">{\"@context\":\"https:\\\/\\\/schema.org\",\"@graph\":[{\"@type\":\"WebPage\",\"@id\":\"https:\\\/\\\/www.au-primerose-hotel.fr\\\/en\\\/legal-notice\\\/\",\"url\":\"https:\\\/\\\/www.au-primerose-hotel.fr\\\/en\\\/legal-notice\\\/\",\"name\":\"Legal notice - Au primerose H\u00f4tel\",\"isPartOf\":{\"@id\":\"https:\\\/\\\/www.au-primerose-hotel.fr\\\/#website\"},\"datePublished\":\"2015-03-16T09:49:48+00:00\",\"breadcrumb\":{\"@id\":\"https:\\\/\\\/www.au-primerose-hotel.fr\\\/en\\\/legal-notice\\\/#breadcrumb\"},\"inLanguage\":\"en-US\",\"potentialAction\":[{\"@type\":\"ReadAction\",\"target\":[\"https:\\\/\\\/www.au-primerose-hotel.fr\\\/en\\\/legal-notice\\\/\"]}]},{\"@type\":\"BreadcrumbList\",\"@id\":\"https:\\\/\\\/www.au-primerose-hotel.fr\\\/en\\\/legal-notice\\\/#breadcrumb\",\"itemListElement\":[{\"@type\":\"ListItem\",\"position\":1,\"name\":\"Accueil\",\"item\":\"https:\\\/\\\/www.au-primerose-hotel.fr\\\/\"},{\"@type\":\"ListItem\",\"position\":2,\"name\":\"Legal notice\"}]},{\"@type\":\"WebSite\",\"@id\":\"https:\\\/\\\/www.au-primerose-hotel.fr\\\/#website\",\"url\":\"https:\\\/\\\/www.au-primerose-hotel.fr\\\/\",\"name\":\"Au primerose H\u00f4tel\",\"description\":\"\",\"publisher\":{\"@id\":\"https:\\\/\\\/www.au-primerose-hotel.fr\\\/#organization\"},\"potentialAction\":[{\"@type\":\"SearchAction\",\"target\":{\"@type\":\"EntryPoint\",\"urlTemplate\":\"https:\\\/\\\/www.au-primerose-hotel.fr\\\/?s={search_term_string}\"},\"query-input\":{\"@type\":\"PropertyValueSpecification\",\"valueRequired\":true,\"valueName\":\"search_term_string\"}}],\"inLanguage\":\"en-US\"},{\"@type\":\"Organization\",\"@id\":\"https:\\\/\\\/www.au-primerose-hotel.fr\\\/#organization\",\"name\":\"Au primerose H\u00f4tel\",\"url\":\"https:\\\/\\\/www.au-primerose-hotel.fr\\\/\",\"logo\":{\"@type\":\"ImageObject\",\"inLanguage\":\"en-US\",\"@id\":\"https:\\\/\\\/www.au-primerose-hotel.fr\\\/#\\\/schema\\\/logo\\\/image\\\/\",\"url\":\"https:\\\/\\\/www.au-primerose-hotel.fr\\\/wp-content\\\/uploads\\\/2024\\\/02\\\/logo_primerose.svg\",\"contentUrl\":\"https:\\\/\\\/www.au-primerose-hotel.fr\\\/wp-content\\\/uploads\\\/2024\\\/02\\\/logo_primerose.svg\",\"caption\":\"Au primerose H\u00f4tel\"},\"image\":{\"@id\":\"https:\\\/\\\/www.au-primerose-hotel.fr\\\/#\\\/schema\\\/logo\\\/image\\\/\"}}]}<\/script>\n<!-- \/ Yoast SEO plugin. -->","yoast_head_json":{"title":"Legal notice - Au primerose H\u00f4tel","robots":{"index":"index","follow":"follow","max-snippet":"max-snippet:-1","max-image-preview":"max-image-preview:large","max-video-preview":"max-video-preview:-1"},"canonical":"https:\/\/www.au-primerose-hotel.fr\/en\/legal-notice\/","og_locale":"en_US","og_type":"article","og_title":"Legal notice - Au primerose H\u00f4tel","og_description":"Legal notice URL : www.au-primerose-hotel.fr \/ www.au-primerose-hotel.com Entreprise : Primerose Sarl Si\u00e8ge social : Au Primerose H\u00f4tel \u2013 23, rue de l\u2019Yser \u2013 65400 Argel\u00e8s Gazost \u2013 France T\u00e9l : +33(0)5 62 97 06 72 Fax : +33(0)5 62 97 23 08 E-mail : info@au-primerose-hotel.fr RCS : TARBES 410 765 812 Objet du site : [&hellip;]","og_url":"https:\/\/www.au-primerose-hotel.fr\/en\/legal-notice\/","og_site_name":"Au primerose H\u00f4tel","twitter_card":"summary_large_image","twitter_misc":{"Est. reading time":"2 minutes"},"schema":{"@context":"https:\/\/schema.org","@graph":[{"@type":"WebPage","@id":"https:\/\/www.au-primerose-hotel.fr\/en\/legal-notice\/","url":"https:\/\/www.au-primerose-hotel.fr\/en\/legal-notice\/","name":"Legal notice - Au primerose H\u00f4tel","isPartOf":{"@id":"https:\/\/www.au-primerose-hotel.fr\/#website"},"datePublished":"2015-03-16T09:49:48+00:00","breadcrumb":{"@id":"https:\/\/www.au-primerose-hotel.fr\/en\/legal-notice\/#breadcrumb"},"inLanguage":"en-US","potentialAction":[{"@type":"ReadAction","target":["https:\/\/www.au-primerose-hotel.fr\/en\/legal-notice\/"]}]},{"@type":"BreadcrumbList","@id":"https:\/\/www.au-primerose-hotel.fr\/en\/legal-notice\/#breadcrumb","itemListElement":[{"@type":"ListItem","position":1,"name":"Accueil","item":"https:\/\/www.au-primerose-hotel.fr\/"},{"@type":"ListItem","position":2,"name":"Legal notice"}]},{"@type":"WebSite","@id":"https:\/\/www.au-primerose-hotel.fr\/#website","url":"https:\/\/www.au-primerose-hotel.fr\/","name":"Au primerose H\u00f4tel","description":"","publisher":{"@id":"https:\/\/www.au-primerose-hotel.fr\/#organization"},"potentialAction":[{"@type":"SearchAction","target":{"@type":"EntryPoint","urlTemplate":"https:\/\/www.au-primerose-hotel.fr\/?s={search_term_string}"},"query-input":{"@type":"PropertyValueSpecification","valueRequired":true,"valueName":"search_term_string"}}],"inLanguage":"en-US"},{"@type":"Organization","@id":"https:\/\/www.au-primerose-hotel.fr\/#organization","name":"Au primerose H\u00f4tel","url":"https:\/\/www.au-primerose-hotel.fr\/","logo":{"@type":"ImageObject","inLanguage":"en-US","@id":"https:\/\/www.au-primerose-hotel.fr\/#\/schema\/logo\/image\/","url":"https:\/\/www.au-primerose-hotel.fr\/wp-content\/uploads\/2024\/02\/logo_primerose.svg","contentUrl":"https:\/\/www.au-primerose-hotel.fr\/wp-content\/uploads\/2024\/02\/logo_primerose.svg","caption":"Au primerose H\u00f4tel"},"image":{"@id":"https:\/\/www.au-primerose-hotel.fr\/#\/schema\/logo\/image\/"}}]}},"_links":{"self":[{"href":"https:\/\/www.au-primerose-hotel.fr\/en\/wp-json\/wp\/v2\/pages\/8971","targetHints":{"allow":["GET"]}}],"collection":[{"href":"https:\/\/www.au-primerose-hotel.fr\/en\/wp-json\/wp\/v2\/pages"}],"about":[{"href":"https:\/\/www.au-primerose-hotel.fr\/en\/wp-json\/wp\/v2\/types\/page"}],"author":[{"embeddable":true,"href":"https:\/\/www.au-primerose-hotel.fr\/en\/wp-json\/wp\/v2\/users\/1"}],"replies":[{"embeddable":true,"href":"https:\/\/www.au-primerose-hotel.fr\/en\/wp-json\/wp\/v2\/comments?post=8971"}],"version-history":[{"count":0,"href":"https:\/\/www.au-primerose-hotel.fr\/en\/wp-json\/wp\/v2\/pages\/8971\/revisions"}],"wp:attachment":[{"href":"https:\/\/www.au-primerose-hotel.fr\/en\/wp-json\/wp\/v2\/media?parent=8971"}],"curies":[{"name":"wp","href":"https:\/\/api.w.org\/{rel}","templated":true}]}}