{"id":17822,"date":"2014-12-19T10:07:47","date_gmt":"2014-12-19T09:07:47","guid":{"rendered":"https:\/\/www.au-primerose-hotel.fr\/?page_id=17822"},"modified":"2024-12-27T10:46:23","modified_gmt":"2024-12-27T09:46:23","slug":"estancia-senderismo","status":"publish","type":"page","link":"https:\/\/www.au-primerose-hotel.fr\/es\/estancia-senderismo\/","title":{"rendered":"Estancia senderismo"},"content":{"rendered":"\t\t<div data-elementor-type=\"wp-page\" data-elementor-id=\"17822\" class=\"elementor elementor-17822 elementor-11\" data-elementor-post-type=\"page\">\n\t\t\t\t<div class=\"elementor-element elementor-element-16d984e e-con-full e-flex e-con e-parent\" data-id=\"16d984e\" data-element_type=\"container\" data-e-type=\"container\" data-settings=\"{&quot;background_background&quot;:&quot;classic&quot;}\">\n\t\t<div class=\"elementor-element elementor-element-786643d e-flex e-con-boxed e-con e-child\" data-id=\"786643d\" data-element_type=\"container\" data-e-type=\"container\" data-settings=\"{&quot;background_background&quot;:&quot;classic&quot;}\">\n\t\t\t\t\t<div class=\"e-con-inner\">\n\t\t<div class=\"elementor-element elementor-element-d8dc2dc e-con-full e-flex e-con e-child\" data-id=\"d8dc2dc\" data-element_type=\"container\" data-e-type=\"container\" data-settings=\"{&quot;background_background&quot;:&quot;classic&quot;}\">\n\t\t\t\t<div class=\"elementor-element elementor-element-67be0a0 elementor-widget elementor-widget-heading\" data-id=\"67be0a0\" data-element_type=\"widget\" data-e-type=\"widget\" data-widget_type=\"heading.default\">\n\t\t\t\t<div class=\"elementor-widget-container\">\n\t\t\t\t\t<h1 class=\"elementor-heading-title elementor-size-default\">Au Primerose - Hotel restaurante<\/h1>\t\t\t\t<\/div>\n\t\t\t\t<\/div>\n\t\t\t\t<div class=\"elementor-element elementor-element-782f64b elementor-widget elementor-widget-heading\" data-id=\"782f64b\" data-element_type=\"widget\" data-e-type=\"widget\" data-widget_type=\"heading.default\">\n\t\t\t\t<div class=\"elementor-widget-container\">\n\t\t\t\t\t<h2 class=\"elementor-heading-title elementor-size-default\">Estancia de senderismo en los Pirineos<\/h2>\t\t\t\t<\/div>\n\t\t\t\t<\/div>\n\t\t\t\t<div class=\"elementor-element elementor-element-fb73d6c elementor-widget elementor-widget-text-editor\" data-id=\"fb73d6c\" data-element_type=\"widget\" data-e-type=\"widget\" data-widget_type=\"text-editor.default\">\n\t\t\t\t<div class=\"elementor-widget-container\">\n\t\t\t\t\t\t\t\t\t<p>\u00bfEres excursionista y quieres explorar los senderos de nuestras hermosas monta\u00f1as de los Pirineos?<\/p>\t\t\t\t\t\t\t\t<\/div>\n\t\t\t\t<\/div>\n\t\t\t\t<\/div>\n\t\t\t\t\t<\/div>\n\t\t\t\t<\/div>\n\t\t\t\t<\/div>\n\t\t<div class=\"elementor-element elementor-element-28b51e7 e-con-full e-flex e-con e-parent\" data-id=\"28b51e7\" data-element_type=\"container\" data-e-type=\"container\" data-settings=\"{&quot;background_background&quot;:&quot;classic&quot;,&quot;shape_divider_top&quot;:&quot;mountains&quot;,&quot;shape_divider_bottom&quot;:&quot;mountains&quot;}\">\n\t\t\t\t<div class=\"elementor-shape elementor-shape-top\" aria-hidden=\"true\" data-negative=\"false\">\n\t\t\t<svg xmlns=\"http:\/\/www.w3.org\/2000\/svg\" viewBox=\"0 0 1000 100\" preserveAspectRatio=\"none\">\n\t<path class=\"elementor-shape-fill\" opacity=\"0.33\" d=\"M473,67.3c-203.9,88.3-263.1-34-320.3,0C66,119.1,0,59.7,0,59.7V0h1000v59.7 c0,0-62.1,26.1-94.9,29.3c-32.8,3.3-62.8-12.3-75.8-22.1C806,49.6,745.3,8.7,694.9,4.7S492.4,59,473,67.3z\"\/>\n\t<path class=\"elementor-shape-fill\" opacity=\"0.66\" d=\"M734,67.3c-45.5,0-77.2-23.2-129.1-39.1c-28.6-8.7-150.3-10.1-254,39.1 s-91.7-34.4-149.2,0C115.7,118.3,0,39.8,0,39.8V0h1000v36.5c0,0-28.2-18.5-92.1-18.5C810.2,18.1,775.7,67.3,734,67.3z\"\/>\n\t<path class=\"elementor-shape-fill\" d=\"M766.1,28.9c-200-57.5-266,65.5-395.1,19.5C242,1.8,242,5.4,184.8,20.6C128,35.8,132.3,44.9,89.9,52.5C28.6,63.7,0,0,0,0 h1000c0,0-9.9,40.9-83.6,48.1S829.6,47,766.1,28.9z\"\/>\n<\/svg>\t\t<\/div>\n\t\t\t\t<div class=\"elementor-shape elementor-shape-bottom\" aria-hidden=\"true\" data-negative=\"false\">\n\t\t\t<svg xmlns=\"http:\/\/www.w3.org\/2000\/svg\" viewBox=\"0 0 1000 100\" preserveAspectRatio=\"none\">\n\t<path class=\"elementor-shape-fill\" opacity=\"0.33\" d=\"M473,67.3c-203.9,88.3-263.1-34-320.3,0C66,119.1,0,59.7,0,59.7V0h1000v59.7 c0,0-62.1,26.1-94.9,29.3c-32.8,3.3-62.8-12.3-75.8-22.1C806,49.6,745.3,8.7,694.9,4.7S492.4,59,473,67.3z\"\/>\n\t<path class=\"elementor-shape-fill\" opacity=\"0.66\" d=\"M734,67.3c-45.5,0-77.2-23.2-129.1-39.1c-28.6-8.7-150.3-10.1-254,39.1 s-91.7-34.4-149.2,0C115.7,118.3,0,39.8,0,39.8V0h1000v36.5c0,0-28.2-18.5-92.1-18.5C810.2,18.1,775.7,67.3,734,67.3z\"\/>\n\t<path class=\"elementor-shape-fill\" d=\"M766.1,28.9c-200-57.5-266,65.5-395.1,19.5C242,1.8,242,5.4,184.8,20.6C128,35.8,132.3,44.9,89.9,52.5C28.6,63.7,0,0,0,0 h1000c0,0-9.9,40.9-83.6,48.1S829.6,47,766.1,28.9z\"\/>\n<\/svg>\t\t<\/div>\n\t\t<div class=\"elementor-element elementor-element-257bf94 e-flex e-con-boxed e-con e-child\" data-id=\"257bf94\" data-element_type=\"container\" data-e-type=\"container\">\n\t\t\t\t\t<div class=\"e-con-inner\">\n\t\t<div class=\"elementor-element elementor-element-38fb883 e-con-full e-flex e-con e-child\" data-id=\"38fb883\" data-element_type=\"container\" data-e-type=\"container\">\n\t\t\t\t<div class=\"elementor-element elementor-element-70813eb elementor-widget elementor-widget-heading\" data-id=\"70813eb\" data-element_type=\"widget\" data-e-type=\"widget\" data-widget_type=\"heading.default\">\n\t\t\t\t<div class=\"elementor-widget-container\">\n\t\t\t\t\t<h3 class=\"elementor-heading-title elementor-size-default\">Elige un hotel restaurante perfectamente adaptado para recibirte...<\/h3>\t\t\t\t<\/div>\n\t\t\t\t<\/div>\n\t\t\t\t<div class=\"elementor-element elementor-element-3c9f950 elementor-widget-divider--view-line elementor-widget elementor-widget-divider\" data-id=\"3c9f950\" data-element_type=\"widget\" data-e-type=\"widget\" data-widget_type=\"divider.default\">\n\t\t\t\t<div class=\"elementor-widget-container\">\n\t\t\t\t\t\t\t<div class=\"elementor-divider\">\n\t\t\t<span class=\"elementor-divider-separator\">\n\t\t\t\t\t\t<\/span>\n\t\t<\/div>\n\t\t\t\t\t\t<\/div>\n\t\t\t\t<\/div>\n\t\t\t\t<div class=\"elementor-element elementor-element-85f16b1 elementor-widget elementor-widget-accordion\" data-id=\"85f16b1\" data-element_type=\"widget\" data-e-type=\"widget\" data-widget_type=\"accordion.default\">\n\t\t\t\t<div class=\"elementor-widget-container\">\n\t\t\t\t\t\t\t<div class=\"elementor-accordion\">\n\t\t\t\t\t\t\t<div class=\"elementor-accordion-item\">\n\t\t\t\t\t<div id=\"elementor-tab-title-1401\" class=\"elementor-tab-title\" data-tab=\"1\" role=\"button\" aria-controls=\"elementor-tab-content-1401\" aria-expanded=\"false\">\n\t\t\t\t\t\t\t\t\t\t\t\t\t<span class=\"elementor-accordion-icon elementor-accordion-icon-left\" aria-hidden=\"true\">\n\t\t\t\t\t\t\t\t\t\t\t\t\t\t\t<span class=\"elementor-accordion-icon-closed\"><svg class=\"e-font-icon-svg e-fas-plus\" viewBox=\"0 0 448 512\" xmlns=\"http:\/\/www.w3.org\/2000\/svg\"><path d=\"M416 208H272V64c0-17.67-14.33-32-32-32h-32c-17.67 0-32 14.33-32 32v144H32c-17.67 0-32 14.33-32 32v32c0 17.67 14.33 32 32 32h144v144c0 17.67 14.33 32 32 32h32c17.67 0 32-14.33 32-32V304h144c17.67 0 32-14.33 32-32v-32c0-17.67-14.33-32-32-32z\"><\/path><\/svg><\/span>\n\t\t\t\t\t\t\t\t<span class=\"elementor-accordion-icon-opened\"><svg class=\"e-font-icon-svg e-fas-minus\" viewBox=\"0 0 448 512\" xmlns=\"http:\/\/www.w3.org\/2000\/svg\"><path d=\"M416 208H32c-17.67 0-32 14.33-32 32v32c0 17.67 14.33 32 32 32h384c17.67 0 32-14.33 32-32v-32c0-17.67-14.33-32-32-32z\"><\/path><\/svg><\/span>\n\t\t\t\t\t\t\t\t\t\t\t\t\t\t<\/span>\n\t\t\t\t\t\t\t\t\t\t\t\t<a class=\"elementor-accordion-title\" tabindex=\"0\">NOS GUSTA RECIBIR A LOS AMANTES DEL SENDERISMO<\/a>\n\t\t\t\t\t<\/div>\n\t\t\t\t\t<div id=\"elementor-tab-content-1401\" class=\"elementor-tab-content elementor-clearfix\" data-tab=\"1\" role=\"region\" aria-labelledby=\"elementor-tab-title-1401\"><p>Como excursionista y miembro de la FFRP desde hace muchos a\u00f1os, disfruto compartir mis conocimientos de la regi\u00f3n con los hu\u00e9spedes para que tengan la mejor estancia posible. Nuestra dedicaci\u00f3n nos hace recibir a menudo agradecimientos&#8230; Contacte con <strong>Philippe<\/strong>.<\/p><\/div>\n\t\t\t\t<\/div>\n\t\t\t\t\t\t\t<div class=\"elementor-accordion-item\">\n\t\t\t\t\t<div id=\"elementor-tab-title-1402\" class=\"elementor-tab-title\" data-tab=\"2\" role=\"button\" aria-controls=\"elementor-tab-content-1402\" aria-expanded=\"false\">\n\t\t\t\t\t\t\t\t\t\t\t\t\t<span class=\"elementor-accordion-icon elementor-accordion-icon-left\" aria-hidden=\"true\">\n\t\t\t\t\t\t\t\t\t\t\t\t\t\t\t<span class=\"elementor-accordion-icon-closed\"><svg class=\"e-font-icon-svg e-fas-plus\" viewBox=\"0 0 448 512\" xmlns=\"http:\/\/www.w3.org\/2000\/svg\"><path d=\"M416 208H272V64c0-17.67-14.33-32-32-32h-32c-17.67 0-32 14.33-32 32v144H32c-17.67 0-32 14.33-32 32v32c0 17.67 14.33 32 32 32h144v144c0 17.67 14.33 32 32 32h32c17.67 0 32-14.33 32-32V304h144c17.67 0 32-14.33 32-32v-32c0-17.67-14.33-32-32-32z\"><\/path><\/svg><\/span>\n\t\t\t\t\t\t\t\t<span class=\"elementor-accordion-icon-opened\"><svg class=\"e-font-icon-svg e-fas-minus\" viewBox=\"0 0 448 512\" xmlns=\"http:\/\/www.w3.org\/2000\/svg\"><path d=\"M416 208H32c-17.67 0-32 14.33-32 32v32c0 17.67 14.33 32 32 32h384c17.67 0 32-14.33 32-32v-32c0-17.67-14.33-32-32-32z\"><\/path><\/svg><\/span>\n\t\t\t\t\t\t\t\t\t\t\t\t\t\t<\/span>\n\t\t\t\t\t\t\t\t\t\t\t\t<a class=\"elementor-accordion-title\" tabindex=\"0\">NUESTROS CLIENTES DE EXCURSI\u00d3N DAN TESTIMONIO<\/a>\n\t\t\t\t\t<\/div>\n\t\t\t\t\t<div id=\"elementor-tab-content-1402\" class=\"elementor-tab-content elementor-clearfix\" data-tab=\"2\" role=\"region\" aria-labelledby=\"elementor-tab-title-1402\"><p><img fetchpriority=\"high\" decoding=\"async\" width=\"768\" height=\"229\" class=\"alignnone size-medium wp-image-14295\" src=\"https:\/\/www.au-primerose-hotel.fr\/v2024\/wp-content\/uploads\/2024\/02\/Lac-Oncet-et-Tourmalet-032-min-768x229-1.jpg\" alt=\"\" srcset=\"https:\/\/www.au-primerose-hotel.fr\/wp-content\/uploads\/2024\/02\/Lac-Oncet-et-Tourmalet-032-min-768x229-1.jpg 768w, https:\/\/www.au-primerose-hotel.fr\/wp-content\/uploads\/2024\/02\/Lac-Oncet-et-Tourmalet-032-min-768x229-1-300x89.jpg 300w\" sizes=\"(max-width: 768px) 100vw, 768px\" \/><br \/><br \/>Hay un alojamiento en Francia<br \/>Que nace en las monta\u00f1as,<br \/>Un peque\u00f1o estuche gris y rosa,<br \/>Que se llama \u00abPrimerose\u00bb<\/p><p>El equipo Castellini<br \/>Nos ofrece este para\u00edso,<br \/>Acogiendo nuestro sue\u00f1o<br \/>Con sonrisas en los labios<\/p><p>Ya sea que llueva o haga sol,<br \/>Salimos a caminar,<br \/>De cascadas a valles<\/p><p>Cuando tenemos hambre<br \/>La mesa es generosa,<br \/>La amistad crece,<br \/>En un ambiente c\u00e1lido<\/p><p>As\u00ed que cuando es hora de partir,<br \/>De este lugar de recuerdos,<br \/>Cada uno guarda en su memoria<br \/>El de una hermosa historia<\/p><p>Texto de Dominique Vincent<br \/>A partir de una idea original de Anny Devaut<\/p><\/div>\n\t\t\t\t<\/div>\n\t\t\t\t\t\t\t\t<\/div>\n\t\t\t\t\t\t<\/div>\n\t\t\t\t<\/div>\n\t\t\t\t<\/div>\n\t\t<div class=\"elementor-element elementor-element-38a2f6a e-con-full e-flex e-con e-child\" data-id=\"38a2f6a\" data-element_type=\"container\" data-e-type=\"container\">\n\t\t\t\t<div class=\"elementor-element elementor-element-153c79c elementor-arrows-position-inside elementor-pagination-position-outside elementor-widget elementor-widget-image-carousel\" data-id=\"153c79c\" data-element_type=\"widget\" data-e-type=\"widget\" data-settings=\"{&quot;slides_to_show&quot;:&quot;2&quot;,&quot;navigation&quot;:&quot;both&quot;,&quot;autoplay&quot;:&quot;yes&quot;,&quot;pause_on_hover&quot;:&quot;yes&quot;,&quot;pause_on_interaction&quot;:&quot;yes&quot;,&quot;autoplay_speed&quot;:5000,&quot;infinite&quot;:&quot;yes&quot;,&quot;speed&quot;:500}\" data-widget_type=\"image-carousel.default\">\n\t\t\t\t<div class=\"elementor-widget-container\">\n\t\t\t\t\t\t\t<div class=\"elementor-image-carousel-wrapper swiper\" role=\"region\" aria-roledescription=\"carousel\" aria-label=\"Carrousel d\u2019images\" dir=\"ltr\">\n\t\t\t<div class=\"elementor-image-carousel swiper-wrapper\" aria-live=\"off\">\n\t\t\t\t\t\t\t\t<div class=\"swiper-slide\" role=\"group\" aria-roledescription=\"slide\" aria-label=\"1 de 5\"><figure class=\"swiper-slide-inner\"><img decoding=\"async\" class=\"swiper-slide-image\" src=\"https:\/\/www.au-primerose-hotel.fr\/wp-content\/uploads\/2024\/02\/sejour_randonnee_pyrennees_hotel05.jpg\" alt=\"sejour_randonnee_pyrennees_hotel05\" \/><\/figure><\/div><div class=\"swiper-slide\" role=\"group\" aria-roledescription=\"slide\" aria-label=\"2 de 5\"><figure class=\"swiper-slide-inner\"><img decoding=\"async\" class=\"swiper-slide-image\" src=\"https:\/\/www.au-primerose-hotel.fr\/wp-content\/uploads\/2024\/02\/sejour_randonnee_pyrennees_hotel04.jpg\" alt=\"sejour_randonnee_pyrennees_hotel04\" \/><\/figure><\/div><div class=\"swiper-slide\" role=\"group\" aria-roledescription=\"slide\" aria-label=\"3 de 5\"><figure class=\"swiper-slide-inner\"><img decoding=\"async\" class=\"swiper-slide-image\" src=\"https:\/\/www.au-primerose-hotel.fr\/wp-content\/uploads\/2024\/02\/sejour_randonnee_pyrennees_hotel03.jpg\" alt=\"sejour_randonnee_pyrennees_hotel03\" \/><\/figure><\/div><div class=\"swiper-slide\" role=\"group\" aria-roledescription=\"slide\" aria-label=\"4 de 5\"><figure class=\"swiper-slide-inner\"><img decoding=\"async\" class=\"swiper-slide-image\" src=\"https:\/\/www.au-primerose-hotel.fr\/wp-content\/uploads\/2024\/02\/sejour_randonnee_pyrennees_hotel02.jpg\" alt=\"sejour_randonnee_pyrennees_hotel02\" \/><\/figure><\/div><div class=\"swiper-slide\" role=\"group\" aria-roledescription=\"slide\" aria-label=\"5 de 5\"><figure class=\"swiper-slide-inner\"><img decoding=\"async\" class=\"swiper-slide-image\" src=\"https:\/\/www.au-primerose-hotel.fr\/wp-content\/uploads\/2024\/02\/sejour_randonnee_pyrennees_hotel01.jpg\" alt=\"sejour_randonnee_pyrennees_hotel01\" \/><\/figure><\/div>\t\t\t<\/div>\n\t\t\t\t\t\t\t\t\t\t\t\t<div class=\"elementor-swiper-button elementor-swiper-button-prev\" role=\"button\" tabindex=\"0\">\n\t\t\t\t\t\t<svg aria-hidden=\"true\" class=\"e-font-icon-svg e-eicon-chevron-left\" viewBox=\"0 0 1000 1000\" xmlns=\"http:\/\/www.w3.org\/2000\/svg\"><path d=\"M646 125C629 125 613 133 604 142L308 442C296 454 292 471 292 487 292 504 296 521 308 533L604 854C617 867 629 875 646 875 663 875 679 871 692 858 704 846 713 829 713 812 713 796 708 779 692 767L438 487 692 225C700 217 708 204 708 187 708 171 704 154 692 142 675 129 663 125 646 125Z\"><\/path><\/svg>\t\t\t\t\t<\/div>\n\t\t\t\t\t<div class=\"elementor-swiper-button elementor-swiper-button-next\" role=\"button\" tabindex=\"0\">\n\t\t\t\t\t\t<svg aria-hidden=\"true\" class=\"e-font-icon-svg e-eicon-chevron-right\" viewBox=\"0 0 1000 1000\" xmlns=\"http:\/\/www.w3.org\/2000\/svg\"><path d=\"M696 533C708 521 713 504 713 487 713 471 708 454 696 446L400 146C388 133 375 125 354 125 338 125 325 129 313 142 300 154 292 171 292 187 292 204 296 221 308 233L563 492 304 771C292 783 288 800 288 817 288 833 296 850 308 863 321 871 338 875 354 875 371 875 388 867 400 854L696 533Z\"><\/path><\/svg>\t\t\t\t\t<\/div>\n\t\t\t\t\n\t\t\t\t\t\t\t\t\t<div class=\"swiper-pagination\"><\/div>\n\t\t\t\t\t\t\t\t\t<\/div>\n\t\t\t\t\t\t<\/div>\n\t\t\t\t<\/div>\n\t\t\t\t<div class=\"elementor-element elementor-element-9f2452f elementor-widget elementor-widget-text-editor\" data-id=\"9f2452f\" data-element_type=\"widget\" data-e-type=\"widget\" data-widget_type=\"text-editor.default\">\n\t\t\t\t<div class=\"elementor-widget-container\">\n\t\t\t\t\t\t\t\t\t<p><em>\u00a9 Patrick Berisset<\/em><\/p>\t\t\t\t\t\t\t\t<\/div>\n\t\t\t\t<\/div>\n\t\t\t\t<\/div>\n\t\t\t\t\t<\/div>\n\t\t\t\t<\/div>\n\t\t\t\t<\/div>\n\t\t\t\t<\/div>\n\t\t","protected":false},"excerpt":{"rendered":"<p>Au Primerose &#8211; Hotel restaurante Estancia de senderismo en los Pirineos \u00bfEres excursionista y quieres explorar los senderos de nuestras hermosas monta\u00f1as de los Pirineos? Elige un hotel restaurante perfectamente adaptado para recibirte&#8230; NOS GUSTA RECIBIR A LOS AMANTES DEL SENDERISMO Como excursionista y miembro de la FFRP desde hace muchos a\u00f1os, disfruto compartir mis [&hellip;]<\/p>\n","protected":false},"author":3,"featured_media":0,"parent":0,"menu_order":0,"comment_status":"closed","ping_status":"closed","template":"","meta":{"footnotes":""},"class_list":["post-17822","page","type-page","status-publish","hentry"],"yoast_head":"<!-- This site is optimized with the Yoast SEO plugin v27.6 - https:\/\/yoast.com\/product\/yoast-seo-wordpress\/ -->\n<title>Estancia senderismo - Au primerose H\u00f4tel<\/title>\n<meta name=\"robots\" content=\"index, follow, max-snippet:-1, max-image-preview:large, max-video-preview:-1\" \/>\n<link rel=\"canonical\" href=\"https:\/\/www.au-primerose-hotel.fr\/nos-sejours\/sejour-randonnee\/\" \/>\n<meta property=\"og:locale\" content=\"es_ES\" \/>\n<meta property=\"og:type\" content=\"article\" \/>\n<meta property=\"og:title\" content=\"Estancia senderismo - Au primerose H\u00f4tel\" \/>\n<meta property=\"og:description\" content=\"Au Primerose &#8211; Hotel restaurante Estancia de senderismo en los Pirineos \u00bfEres excursionista y quieres explorar los senderos de nuestras hermosas monta\u00f1as de los Pirineos? Elige un hotel restaurante perfectamente adaptado para recibirte&#8230; NOS GUSTA RECIBIR A LOS AMANTES DEL SENDERISMO Como excursionista y miembro de la FFRP desde hace muchos a\u00f1os, disfruto compartir mis [&hellip;]\" \/>\n<meta property=\"og:url\" content=\"https:\/\/www.au-primerose-hotel.fr\/nos-sejours\/sejour-randonnee\/\" \/>\n<meta property=\"og:site_name\" content=\"Au primerose H\u00f4tel\" \/>\n<meta property=\"article:modified_time\" content=\"2024-12-27T09:46:23+00:00\" \/>\n<meta property=\"og:image\" content=\"https:\/\/www.au-primerose-hotel.fr\/wp-content\/uploads\/2024\/02\/Lac-Oncet-et-Tourmalet-032-min-768x229-1.jpg\" \/>\n\t<meta property=\"og:image:width\" content=\"768\" \/>\n\t<meta property=\"og:image:height\" content=\"229\" \/>\n\t<meta property=\"og:image:type\" content=\"image\/jpeg\" \/>\n<meta name=\"twitter:card\" content=\"summary_large_image\" \/>\n<meta name=\"twitter:label1\" content=\"Tiempo de lectura\" \/>\n\t<meta name=\"twitter:data1\" content=\"4 minutos\" \/>\n<script type=\"application\/ld+json\" class=\"yoast-schema-graph\">{\"@context\":\"https:\\\/\\\/schema.org\",\"@graph\":[{\"@type\":\"WebPage\",\"@id\":\"https:\\\/\\\/www.au-primerose-hotel.fr\\\/nos-sejours\\\/sejour-randonnee\\\/\",\"url\":\"https:\\\/\\\/www.au-primerose-hotel.fr\\\/nos-sejours\\\/sejour-randonnee\\\/\",\"name\":\"Estancia senderismo - Au primerose H\u00f4tel\",\"isPartOf\":{\"@id\":\"https:\\\/\\\/www.au-primerose-hotel.fr\\\/#website\"},\"primaryImageOfPage\":{\"@id\":\"https:\\\/\\\/www.au-primerose-hotel.fr\\\/nos-sejours\\\/sejour-randonnee\\\/#primaryimage\"},\"image\":{\"@id\":\"https:\\\/\\\/www.au-primerose-hotel.fr\\\/nos-sejours\\\/sejour-randonnee\\\/#primaryimage\"},\"thumbnailUrl\":\"https:\\\/\\\/www.au-primerose-hotel.fr\\\/v2024\\\/wp-content\\\/uploads\\\/2024\\\/02\\\/Lac-Oncet-et-Tourmalet-032-min-768x229-1.jpg\",\"datePublished\":\"2014-12-19T09:07:47+00:00\",\"dateModified\":\"2024-12-27T09:46:23+00:00\",\"breadcrumb\":{\"@id\":\"https:\\\/\\\/www.au-primerose-hotel.fr\\\/nos-sejours\\\/sejour-randonnee\\\/#breadcrumb\"},\"inLanguage\":\"es\",\"potentialAction\":[{\"@type\":\"ReadAction\",\"target\":[\"https:\\\/\\\/www.au-primerose-hotel.fr\\\/nos-sejours\\\/sejour-randonnee\\\/\"]}]},{\"@type\":\"ImageObject\",\"inLanguage\":\"es\",\"@id\":\"https:\\\/\\\/www.au-primerose-hotel.fr\\\/nos-sejours\\\/sejour-randonnee\\\/#primaryimage\",\"url\":\"https:\\\/\\\/www.au-primerose-hotel.fr\\\/v2024\\\/wp-content\\\/uploads\\\/2024\\\/02\\\/Lac-Oncet-et-Tourmalet-032-min-768x229-1.jpg\",\"contentUrl\":\"https:\\\/\\\/www.au-primerose-hotel.fr\\\/v2024\\\/wp-content\\\/uploads\\\/2024\\\/02\\\/Lac-Oncet-et-Tourmalet-032-min-768x229-1.jpg\"},{\"@type\":\"BreadcrumbList\",\"@id\":\"https:\\\/\\\/www.au-primerose-hotel.fr\\\/nos-sejours\\\/sejour-randonnee\\\/#breadcrumb\",\"itemListElement\":[{\"@type\":\"ListItem\",\"position\":1,\"name\":\"Accueil\",\"item\":\"https:\\\/\\\/www.au-primerose-hotel.fr\\\/\"},{\"@type\":\"ListItem\",\"position\":2,\"name\":\"Estancia senderismo\"}]},{\"@type\":\"WebSite\",\"@id\":\"https:\\\/\\\/www.au-primerose-hotel.fr\\\/#website\",\"url\":\"https:\\\/\\\/www.au-primerose-hotel.fr\\\/\",\"name\":\"Au primerose H\u00f4tel\",\"description\":\"\",\"publisher\":{\"@id\":\"https:\\\/\\\/www.au-primerose-hotel.fr\\\/#organization\"},\"potentialAction\":[{\"@type\":\"SearchAction\",\"target\":{\"@type\":\"EntryPoint\",\"urlTemplate\":\"https:\\\/\\\/www.au-primerose-hotel.fr\\\/?s={search_term_string}\"},\"query-input\":{\"@type\":\"PropertyValueSpecification\",\"valueRequired\":true,\"valueName\":\"search_term_string\"}}],\"inLanguage\":\"es\"},{\"@type\":\"Organization\",\"@id\":\"https:\\\/\\\/www.au-primerose-hotel.fr\\\/#organization\",\"name\":\"Au primerose H\u00f4tel\",\"url\":\"https:\\\/\\\/www.au-primerose-hotel.fr\\\/\",\"logo\":{\"@type\":\"ImageObject\",\"inLanguage\":\"es\",\"@id\":\"https:\\\/\\\/www.au-primerose-hotel.fr\\\/#\\\/schema\\\/logo\\\/image\\\/\",\"url\":\"https:\\\/\\\/www.au-primerose-hotel.fr\\\/wp-content\\\/uploads\\\/2024\\\/02\\\/logo_primerose.svg\",\"contentUrl\":\"https:\\\/\\\/www.au-primerose-hotel.fr\\\/wp-content\\\/uploads\\\/2024\\\/02\\\/logo_primerose.svg\",\"caption\":\"Au primerose H\u00f4tel\"},\"image\":{\"@id\":\"https:\\\/\\\/www.au-primerose-hotel.fr\\\/#\\\/schema\\\/logo\\\/image\\\/\"}}]}<\/script>\n<!-- \/ Yoast SEO plugin. -->","yoast_head_json":{"title":"Estancia senderismo - Au primerose H\u00f4tel","robots":{"index":"index","follow":"follow","max-snippet":"max-snippet:-1","max-image-preview":"max-image-preview:large","max-video-preview":"max-video-preview:-1"},"canonical":"https:\/\/www.au-primerose-hotel.fr\/nos-sejours\/sejour-randonnee\/","og_locale":"es_ES","og_type":"article","og_title":"Estancia senderismo - Au primerose H\u00f4tel","og_description":"Au Primerose &#8211; Hotel restaurante Estancia de senderismo en los Pirineos \u00bfEres excursionista y quieres explorar los senderos de nuestras hermosas monta\u00f1as de los Pirineos? Elige un hotel restaurante perfectamente adaptado para recibirte&#8230; NOS GUSTA RECIBIR A LOS AMANTES DEL SENDERISMO Como excursionista y miembro de la FFRP desde hace muchos a\u00f1os, disfruto compartir mis [&hellip;]","og_url":"https:\/\/www.au-primerose-hotel.fr\/nos-sejours\/sejour-randonnee\/","og_site_name":"Au primerose H\u00f4tel","article_modified_time":"2024-12-27T09:46:23+00:00","og_image":[{"width":768,"height":229,"url":"https:\/\/www.au-primerose-hotel.fr\/wp-content\/uploads\/2024\/02\/Lac-Oncet-et-Tourmalet-032-min-768x229-1.jpg","type":"image\/jpeg"}],"twitter_card":"summary_large_image","twitter_misc":{"Tiempo de lectura":"4 minutos"},"schema":{"@context":"https:\/\/schema.org","@graph":[{"@type":"WebPage","@id":"https:\/\/www.au-primerose-hotel.fr\/nos-sejours\/sejour-randonnee\/","url":"https:\/\/www.au-primerose-hotel.fr\/nos-sejours\/sejour-randonnee\/","name":"Estancia senderismo - Au primerose H\u00f4tel","isPartOf":{"@id":"https:\/\/www.au-primerose-hotel.fr\/#website"},"primaryImageOfPage":{"@id":"https:\/\/www.au-primerose-hotel.fr\/nos-sejours\/sejour-randonnee\/#primaryimage"},"image":{"@id":"https:\/\/www.au-primerose-hotel.fr\/nos-sejours\/sejour-randonnee\/#primaryimage"},"thumbnailUrl":"https:\/\/www.au-primerose-hotel.fr\/v2024\/wp-content\/uploads\/2024\/02\/Lac-Oncet-et-Tourmalet-032-min-768x229-1.jpg","datePublished":"2014-12-19T09:07:47+00:00","dateModified":"2024-12-27T09:46:23+00:00","breadcrumb":{"@id":"https:\/\/www.au-primerose-hotel.fr\/nos-sejours\/sejour-randonnee\/#breadcrumb"},"inLanguage":"es","potentialAction":[{"@type":"ReadAction","target":["https:\/\/www.au-primerose-hotel.fr\/nos-sejours\/sejour-randonnee\/"]}]},{"@type":"ImageObject","inLanguage":"es","@id":"https:\/\/www.au-primerose-hotel.fr\/nos-sejours\/sejour-randonnee\/#primaryimage","url":"https:\/\/www.au-primerose-hotel.fr\/v2024\/wp-content\/uploads\/2024\/02\/Lac-Oncet-et-Tourmalet-032-min-768x229-1.jpg","contentUrl":"https:\/\/www.au-primerose-hotel.fr\/v2024\/wp-content\/uploads\/2024\/02\/Lac-Oncet-et-Tourmalet-032-min-768x229-1.jpg"},{"@type":"BreadcrumbList","@id":"https:\/\/www.au-primerose-hotel.fr\/nos-sejours\/sejour-randonnee\/#breadcrumb","itemListElement":[{"@type":"ListItem","position":1,"name":"Accueil","item":"https:\/\/www.au-primerose-hotel.fr\/"},{"@type":"ListItem","position":2,"name":"Estancia senderismo"}]},{"@type":"WebSite","@id":"https:\/\/www.au-primerose-hotel.fr\/#website","url":"https:\/\/www.au-primerose-hotel.fr\/","name":"Au primerose H\u00f4tel","description":"","publisher":{"@id":"https:\/\/www.au-primerose-hotel.fr\/#organization"},"potentialAction":[{"@type":"SearchAction","target":{"@type":"EntryPoint","urlTemplate":"https:\/\/www.au-primerose-hotel.fr\/?s={search_term_string}"},"query-input":{"@type":"PropertyValueSpecification","valueRequired":true,"valueName":"search_term_string"}}],"inLanguage":"es"},{"@type":"Organization","@id":"https:\/\/www.au-primerose-hotel.fr\/#organization","name":"Au primerose H\u00f4tel","url":"https:\/\/www.au-primerose-hotel.fr\/","logo":{"@type":"ImageObject","inLanguage":"es","@id":"https:\/\/www.au-primerose-hotel.fr\/#\/schema\/logo\/image\/","url":"https:\/\/www.au-primerose-hotel.fr\/wp-content\/uploads\/2024\/02\/logo_primerose.svg","contentUrl":"https:\/\/www.au-primerose-hotel.fr\/wp-content\/uploads\/2024\/02\/logo_primerose.svg","caption":"Au primerose H\u00f4tel"},"image":{"@id":"https:\/\/www.au-primerose-hotel.fr\/#\/schema\/logo\/image\/"}}]}},"_links":{"self":[{"href":"https:\/\/www.au-primerose-hotel.fr\/es\/wp-json\/wp\/v2\/pages\/17822","targetHints":{"allow":["GET"]}}],"collection":[{"href":"https:\/\/www.au-primerose-hotel.fr\/es\/wp-json\/wp\/v2\/pages"}],"about":[{"href":"https:\/\/www.au-primerose-hotel.fr\/es\/wp-json\/wp\/v2\/types\/page"}],"author":[{"embeddable":true,"href":"https:\/\/www.au-primerose-hotel.fr\/es\/wp-json\/wp\/v2\/users\/3"}],"replies":[{"embeddable":true,"href":"https:\/\/www.au-primerose-hotel.fr\/es\/wp-json\/wp\/v2\/comments?post=17822"}],"version-history":[{"count":25,"href":"https:\/\/www.au-primerose-hotel.fr\/es\/wp-json\/wp\/v2\/pages\/17822\/revisions"}],"predecessor-version":[{"id":20370,"href":"https:\/\/www.au-primerose-hotel.fr\/es\/wp-json\/wp\/v2\/pages\/17822\/revisions\/20370"}],"wp:attachment":[{"href":"https:\/\/www.au-primerose-hotel.fr\/es\/wp-json\/wp\/v2\/media?parent=17822"}],"curies":[{"name":"wp","href":"https:\/\/api.w.org\/{rel}","templated":true}]}}